{"id":876,"date":"2022-11-25T13:15:22","date_gmt":"2022-11-25T13:15:22","guid":{"rendered":"https:\/\/ktima.24lc.gr\/about-us\/"},"modified":"2023-01-02T10:33:09","modified_gmt":"2023-01-02T10:33:09","slug":"about-us","status":"publish","type":"page","link":"https:\/\/ktimaskreka.com\/fr\/about-us\/","title":{"rendered":"About us"},"content":{"rendered":"\n<h2 class=\"wp-block-heading\">Tout commence en 1935&#8230;<\/h2>\n\n<p>A 600 m\u00e8tres d&rsquo;altitude dans le village de Pikoulianika, l&rsquo;arri\u00e8re-grand-p\u00e8re Aivalis, pendant la guerre, a pris la d\u00e9cision d&rsquo;acheter 1 arpent de terre. Avec de la pierre et du bois, il a construit un espace avec lequel il a fourni des mati\u00e8res premi\u00e8res, de la nourriture et le transport de lettres dans tout le village de Pikoulianika. Tout commence en 1935\u2026 Il est ensuite repris par sa fille Panagiota (Pipitsa) qui apprend \u00e0 cuisiner aupr\u00e8s de sa m\u00e8re et continue avec son mari Dimitris. Deux fr\u00e8res poursuivent alors la tradition du go\u00fbt et de l&rsquo;hospitalit\u00e9 de leur grand-p\u00e8re Oncle Mimis Vahaviolos en cr\u00e9ant Ktima Skreka. Une salle polyvalente inspir\u00e9e par le p\u00e8re Ilias qui a continu\u00e9 la taverne familiale de 81 ans et construite par le distingu\u00e9 architecte Spyros Tzinieris. Le menu est mijot\u00e9 dans notre four \u00e0 bois traditionnel, il est important pour nous que le visiteur ressente tout le go\u00fbt, toute la tradition, se souvienne et ressente la chaleur d&rsquo;une table familiale. Avec des l\u00e9gumes locaux, des herbes de notre potager et une cuisson patiente au four \u00e0 bois traditionnel, le plat final est une exp\u00e9rience savoureuse.<\/p>\n","protected":false},"excerpt":{"rendered":"<p>Tout commence en 1935&#8230; A 600 m\u00e8tres d&rsquo;altitude dans le village de Pikoulianika, l&rsquo;arri\u00e8re-grand-p\u00e8re Aivalis, pendant la guerre, a pris la d\u00e9cision d&rsquo;acheter 1 arpent de terre. Avec de la pierre et du bois, il a construit un espace avec lequel il a fourni des mati\u00e8res premi\u00e8res, de la nourriture et le transport de lettres&hellip; <a class=\"more-link\" href=\"https:\/\/ktimaskreka.com\/fr\/about-us\/\">Poursuivre la lecture <span class=\"screen-reader-text\">About us<\/span><\/a><\/p>\n","protected":false},"author":1,"featured_media":97,"parent":0,"menu_order":0,"comment_status":"closed","ping_status":"closed","template":"templates\/AboutUs.php","meta":{"_acf_changed":false,"footnotes":""},"acf":[],"yoast_head":"<!-- This site is optimized with the Yoast SEO plugin v22.9 - https:\/\/yoast.com\/wordpress\/plugins\/seo\/ -->\n<title>About us - ktima skreka<\/title>\n<meta name=\"robots\" content=\"index, follow, max-snippet:-1, max-image-preview:large, max-video-preview:-1\" \/>\n<link rel=\"canonical\" href=\"https:\/\/ktimaskreka.com\/fr\/about-us\/\" \/>\n<meta property=\"og:locale\" content=\"fr_FR\" \/>\n<meta property=\"og:type\" content=\"article\" \/>\n<meta property=\"og:title\" content=\"About us - ktima skreka\" \/>\n<meta property=\"og:description\" content=\"Tout commence en 1935&#8230; A 600 m\u00e8tres d&rsquo;altitude dans le village de Pikoulianika, l&rsquo;arri\u00e8re-grand-p\u00e8re Aivalis, pendant la guerre, a pris la d\u00e9cision d&rsquo;acheter 1 arpent de terre. Avec de la pierre et du bois, il a construit un espace avec lequel il a fourni des mati\u00e8res premi\u00e8res, de la nourriture et le transport de lettres&hellip; Poursuivre la lecture About us\" \/>\n<meta property=\"og:url\" content=\"https:\/\/ktimaskreka.com\/fr\/about-us\/\" \/>\n<meta property=\"og:site_name\" content=\"ktima skreka\" \/>\n<meta property=\"article:modified_time\" content=\"2023-01-02T10:33:09+00:00\" \/>\n<meta property=\"og:image\" content=\"https:\/\/ktimaskreka.com\/wp-content\/uploads\/2022\/11\/Colorblind-2074-scaled.jpg\" \/>\n\t<meta property=\"og:image:width\" content=\"2560\" \/>\n\t<meta property=\"og:image:height\" content=\"1707\" \/>\n\t<meta property=\"og:image:type\" content=\"image\/jpeg\" \/>\n<meta name=\"twitter:card\" content=\"summary_large_image\" \/>\n<meta name=\"twitter:label1\" content=\"Dur\u00e9e de lecture estim\u00e9e\" \/>\n\t<meta name=\"twitter:data1\" content=\"1 minute\" \/>\n<script type=\"application\/ld+json\" class=\"yoast-schema-graph\">{\"@context\":\"https:\/\/schema.org\",\"@graph\":[{\"@type\":\"WebPage\",\"@id\":\"https:\/\/ktimaskreka.com\/fr\/about-us\/\",\"url\":\"https:\/\/ktimaskreka.com\/fr\/about-us\/\",\"name\":\"About us - ktima skreka\",\"isPartOf\":{\"@id\":\"https:\/\/ktimaskreka.com\/#website\"},\"primaryImageOfPage\":{\"@id\":\"https:\/\/ktimaskreka.com\/fr\/about-us\/#primaryimage\"},\"image\":{\"@id\":\"https:\/\/ktimaskreka.com\/fr\/about-us\/#primaryimage\"},\"thumbnailUrl\":\"https:\/\/ktimaskreka.com\/wp-content\/uploads\/2022\/11\/Colorblind-2074-scaled.jpg\",\"datePublished\":\"2022-11-25T13:15:22+00:00\",\"dateModified\":\"2023-01-02T10:33:09+00:00\",\"breadcrumb\":{\"@id\":\"https:\/\/ktimaskreka.com\/fr\/about-us\/#breadcrumb\"},\"inLanguage\":\"fr-FR\",\"potentialAction\":[{\"@type\":\"ReadAction\",\"target\":[\"https:\/\/ktimaskreka.com\/fr\/about-us\/\"]}]},{\"@type\":\"ImageObject\",\"inLanguage\":\"fr-FR\",\"@id\":\"https:\/\/ktimaskreka.com\/fr\/about-us\/#primaryimage\",\"url\":\"https:\/\/ktimaskreka.com\/wp-content\/uploads\/2022\/11\/Colorblind-2074-scaled.jpg\",\"contentUrl\":\"https:\/\/ktimaskreka.com\/wp-content\/uploads\/2022\/11\/Colorblind-2074-scaled.jpg\",\"width\":2560,\"height\":1707},{\"@type\":\"BreadcrumbList\",\"@id\":\"https:\/\/ktimaskreka.com\/fr\/about-us\/#breadcrumb\",\"itemListElement\":[{\"@type\":\"ListItem\",\"position\":1,\"name\":\"Home\",\"item\":\"https:\/\/ktimaskreka.com\/fr\/\"},{\"@type\":\"ListItem\",\"position\":2,\"name\":\"About us\"}]},{\"@type\":\"WebSite\",\"@id\":\"https:\/\/ktimaskreka.com\/#website\",\"url\":\"https:\/\/ktimaskreka.com\/\",\"name\":\"ktima skreka\",\"description\":\"\",\"publisher\":{\"@id\":\"https:\/\/ktimaskreka.com\/#organization\"},\"potentialAction\":[{\"@type\":\"SearchAction\",\"target\":{\"@type\":\"EntryPoint\",\"urlTemplate\":\"https:\/\/ktimaskreka.com\/?s={search_term_string}\"},\"query-input\":\"required name=search_term_string\"}],\"inLanguage\":\"fr-FR\"},{\"@type\":\"Organization\",\"@id\":\"https:\/\/ktimaskreka.com\/#organization\",\"name\":\"ktima skreka\",\"url\":\"https:\/\/ktimaskreka.com\/\",\"logo\":{\"@type\":\"ImageObject\",\"inLanguage\":\"fr-FR\",\"@id\":\"https:\/\/ktimaskreka.com\/#\/schema\/logo\/image\/\",\"url\":\"https:\/\/ktimaskreka.com\/wp-content\/uploads\/2022\/11\/Skrekas.png\",\"contentUrl\":\"https:\/\/ktimaskreka.com\/wp-content\/uploads\/2022\/11\/Skrekas.png\",\"width\":989,\"height\":397,\"caption\":\"ktima skreka\"},\"image\":{\"@id\":\"https:\/\/ktimaskreka.com\/#\/schema\/logo\/image\/\"}}]}<\/script>\n<!-- \/ Yoast SEO plugin. -->","yoast_head_json":{"title":"About us - ktima skreka","robots":{"index":"index","follow":"follow","max-snippet":"max-snippet:-1","max-image-preview":"max-image-preview:large","max-video-preview":"max-video-preview:-1"},"canonical":"https:\/\/ktimaskreka.com\/fr\/about-us\/","og_locale":"fr_FR","og_type":"article","og_title":"About us - ktima skreka","og_description":"Tout commence en 1935&#8230; A 600 m\u00e8tres d&rsquo;altitude dans le village de Pikoulianika, l&rsquo;arri\u00e8re-grand-p\u00e8re Aivalis, pendant la guerre, a pris la d\u00e9cision d&rsquo;acheter 1 arpent de terre. Avec de la pierre et du bois, il a construit un espace avec lequel il a fourni des mati\u00e8res premi\u00e8res, de la nourriture et le transport de lettres&hellip; Poursuivre la lecture About us","og_url":"https:\/\/ktimaskreka.com\/fr\/about-us\/","og_site_name":"ktima skreka","article_modified_time":"2023-01-02T10:33:09+00:00","og_image":[{"width":2560,"height":1707,"url":"https:\/\/ktimaskreka.com\/wp-content\/uploads\/2022\/11\/Colorblind-2074-scaled.jpg","type":"image\/jpeg"}],"twitter_card":"summary_large_image","twitter_misc":{"Dur\u00e9e de lecture estim\u00e9e":"1 minute"},"schema":{"@context":"https:\/\/schema.org","@graph":[{"@type":"WebPage","@id":"https:\/\/ktimaskreka.com\/fr\/about-us\/","url":"https:\/\/ktimaskreka.com\/fr\/about-us\/","name":"About us - ktima skreka","isPartOf":{"@id":"https:\/\/ktimaskreka.com\/#website"},"primaryImageOfPage":{"@id":"https:\/\/ktimaskreka.com\/fr\/about-us\/#primaryimage"},"image":{"@id":"https:\/\/ktimaskreka.com\/fr\/about-us\/#primaryimage"},"thumbnailUrl":"https:\/\/ktimaskreka.com\/wp-content\/uploads\/2022\/11\/Colorblind-2074-scaled.jpg","datePublished":"2022-11-25T13:15:22+00:00","dateModified":"2023-01-02T10:33:09+00:00","breadcrumb":{"@id":"https:\/\/ktimaskreka.com\/fr\/about-us\/#breadcrumb"},"inLanguage":"fr-FR","potentialAction":[{"@type":"ReadAction","target":["https:\/\/ktimaskreka.com\/fr\/about-us\/"]}]},{"@type":"ImageObject","inLanguage":"fr-FR","@id":"https:\/\/ktimaskreka.com\/fr\/about-us\/#primaryimage","url":"https:\/\/ktimaskreka.com\/wp-content\/uploads\/2022\/11\/Colorblind-2074-scaled.jpg","contentUrl":"https:\/\/ktimaskreka.com\/wp-content\/uploads\/2022\/11\/Colorblind-2074-scaled.jpg","width":2560,"height":1707},{"@type":"BreadcrumbList","@id":"https:\/\/ktimaskreka.com\/fr\/about-us\/#breadcrumb","itemListElement":[{"@type":"ListItem","position":1,"name":"Home","item":"https:\/\/ktimaskreka.com\/fr\/"},{"@type":"ListItem","position":2,"name":"About us"}]},{"@type":"WebSite","@id":"https:\/\/ktimaskreka.com\/#website","url":"https:\/\/ktimaskreka.com\/","name":"ktima skreka","description":"","publisher":{"@id":"https:\/\/ktimaskreka.com\/#organization"},"potentialAction":[{"@type":"SearchAction","target":{"@type":"EntryPoint","urlTemplate":"https:\/\/ktimaskreka.com\/?s={search_term_string}"},"query-input":"required name=search_term_string"}],"inLanguage":"fr-FR"},{"@type":"Organization","@id":"https:\/\/ktimaskreka.com\/#organization","name":"ktima skreka","url":"https:\/\/ktimaskreka.com\/","logo":{"@type":"ImageObject","inLanguage":"fr-FR","@id":"https:\/\/ktimaskreka.com\/#\/schema\/logo\/image\/","url":"https:\/\/ktimaskreka.com\/wp-content\/uploads\/2022\/11\/Skrekas.png","contentUrl":"https:\/\/ktimaskreka.com\/wp-content\/uploads\/2022\/11\/Skrekas.png","width":989,"height":397,"caption":"ktima skreka"},"image":{"@id":"https:\/\/ktimaskreka.com\/#\/schema\/logo\/image\/"}}]}},"_links":{"self":[{"href":"https:\/\/ktimaskreka.com\/fr\/wp-json\/wp\/v2\/pages\/876"}],"collection":[{"href":"https:\/\/ktimaskreka.com\/fr\/wp-json\/wp\/v2\/pages"}],"about":[{"href":"https:\/\/ktimaskreka.com\/fr\/wp-json\/wp\/v2\/types\/page"}],"author":[{"embeddable":true,"href":"https:\/\/ktimaskreka.com\/fr\/wp-json\/wp\/v2\/users\/1"}],"replies":[{"embeddable":true,"href":"https:\/\/ktimaskreka.com\/fr\/wp-json\/wp\/v2\/comments?post=876"}],"version-history":[{"count":6,"href":"https:\/\/ktimaskreka.com\/fr\/wp-json\/wp\/v2\/pages\/876\/revisions"}],"predecessor-version":[{"id":897,"href":"https:\/\/ktimaskreka.com\/fr\/wp-json\/wp\/v2\/pages\/876\/revisions\/897"}],"wp:featuredmedia":[{"embeddable":true,"href":"https:\/\/ktimaskreka.com\/fr\/wp-json\/wp\/v2\/media\/97"}],"wp:attachment":[{"href":"https:\/\/ktimaskreka.com\/fr\/wp-json\/wp\/v2\/media?parent=876"}],"curies":[{"name":"wp","href":"https:\/\/api.w.org\/{rel}","templated":true}]}}