{"id":865,"date":"2022-11-25T13:15:06","date_gmt":"2022-11-25T13:15:06","guid":{"rendered":"https:\/\/ktima.24lc.gr\/products\/"},"modified":"2023-01-02T10:31:27","modified_gmt":"2023-01-02T10:31:27","slug":"products","status":"publish","type":"page","link":"https:\/\/ktimaskreka.com\/fr\/products\/","title":{"rendered":"Products"},"content":{"rendered":"\n<p>Derni\u00e8rement, la gastronomie grecque est revenue plus que jamais \u00e0 ses racines, \u00e0 Ktima Skreka nous entretenons notre propre potager depuis d\u00e9j\u00e0 6 ans. . Tous les ingr\u00e9dients que nous utilisons sont soit cultiv\u00e9s dans notre jardin, soit issus de producteurs locaux. Le voyage du go\u00fbt commence avec la mati\u00e8re premi\u00e8re, bien avant d&rsquo;arriver \u00e0 sa transformation en cuisine. <\/p>\n\n<p>Nous vous attendons pour une exp\u00e9rience unique, dans notre espace accueillant. Il y a la possibilit\u00e9 de recevoir et d&rsquo;envoyer, sur consultation, des produits locaux de notre magasin.<\/p>\n","protected":false},"excerpt":{"rendered":"<p>Derni\u00e8rement, la gastronomie grecque est revenue plus que jamais \u00e0 ses racines, \u00e0 Ktima Skreka nous entretenons notre propre potager depuis d\u00e9j\u00e0 6 ans. . Tous les ingr\u00e9dients que nous utilisons sont soit cultiv\u00e9s dans notre jardin, soit issus de producteurs locaux. Le voyage du go\u00fbt commence avec la mati\u00e8re premi\u00e8re, bien avant d&rsquo;arriver \u00e0&hellip; <a class=\"more-link\" href=\"https:\/\/ktimaskreka.com\/fr\/products\/\">Poursuivre la lecture <span class=\"screen-reader-text\">Products<\/span><\/a><\/p>\n","protected":false},"author":1,"featured_media":234,"parent":0,"menu_order":0,"comment_status":"closed","ping_status":"closed","template":"templates\/OurShop.php","meta":{"_acf_changed":false,"footnotes":""},"acf":[],"yoast_head":"<!-- This site is optimized with the Yoast SEO plugin v22.9 - https:\/\/yoast.com\/wordpress\/plugins\/seo\/ -->\n<title>Products - ktima skreka<\/title>\n<meta name=\"robots\" content=\"index, follow, max-snippet:-1, max-image-preview:large, max-video-preview:-1\" \/>\n<link rel=\"canonical\" href=\"https:\/\/ktimaskreka.com\/fr\/products\/\" \/>\n<meta property=\"og:locale\" content=\"fr_FR\" \/>\n<meta property=\"og:type\" content=\"article\" \/>\n<meta property=\"og:title\" content=\"Products - ktima skreka\" \/>\n<meta property=\"og:description\" content=\"Derni\u00e8rement, la gastronomie grecque est revenue plus que jamais \u00e0 ses racines, \u00e0 Ktima Skreka nous entretenons notre propre potager depuis d\u00e9j\u00e0 6 ans. . Tous les ingr\u00e9dients que nous utilisons sont soit cultiv\u00e9s dans notre jardin, soit issus de producteurs locaux. Le voyage du go\u00fbt commence avec la mati\u00e8re premi\u00e8re, bien avant d&rsquo;arriver \u00e0&hellip; Poursuivre la lecture Products\" \/>\n<meta property=\"og:url\" content=\"https:\/\/ktimaskreka.com\/fr\/products\/\" \/>\n<meta property=\"og:site_name\" content=\"ktima skreka\" \/>\n<meta property=\"article:modified_time\" content=\"2023-01-02T10:31:27+00:00\" \/>\n<meta property=\"og:image\" content=\"https:\/\/ktimaskreka.com\/wp-content\/uploads\/2022\/12\/Colorblind-2591-scaled.jpg\" \/>\n\t<meta property=\"og:image:width\" content=\"2560\" \/>\n\t<meta property=\"og:image:height\" content=\"1837\" \/>\n\t<meta property=\"og:image:type\" content=\"image\/jpeg\" \/>\n<meta name=\"twitter:card\" content=\"summary_large_image\" \/>\n<meta name=\"twitter:label1\" content=\"Dur\u00e9e de lecture estim\u00e9e\" \/>\n\t<meta name=\"twitter:data1\" content=\"1 minute\" \/>\n<script type=\"application\/ld+json\" class=\"yoast-schema-graph\">{\"@context\":\"https:\/\/schema.org\",\"@graph\":[{\"@type\":\"WebPage\",\"@id\":\"https:\/\/ktimaskreka.com\/fr\/products\/\",\"url\":\"https:\/\/ktimaskreka.com\/fr\/products\/\",\"name\":\"Products - ktima skreka\",\"isPartOf\":{\"@id\":\"https:\/\/ktimaskreka.com\/#website\"},\"primaryImageOfPage\":{\"@id\":\"https:\/\/ktimaskreka.com\/fr\/products\/#primaryimage\"},\"image\":{\"@id\":\"https:\/\/ktimaskreka.com\/fr\/products\/#primaryimage\"},\"thumbnailUrl\":\"https:\/\/ktimaskreka.com\/wp-content\/uploads\/2022\/12\/Colorblind-2591-scaled.jpg\",\"datePublished\":\"2022-11-25T13:15:06+00:00\",\"dateModified\":\"2023-01-02T10:31:27+00:00\",\"breadcrumb\":{\"@id\":\"https:\/\/ktimaskreka.com\/fr\/products\/#breadcrumb\"},\"inLanguage\":\"fr-FR\",\"potentialAction\":[{\"@type\":\"ReadAction\",\"target\":[\"https:\/\/ktimaskreka.com\/fr\/products\/\"]}]},{\"@type\":\"ImageObject\",\"inLanguage\":\"fr-FR\",\"@id\":\"https:\/\/ktimaskreka.com\/fr\/products\/#primaryimage\",\"url\":\"https:\/\/ktimaskreka.com\/wp-content\/uploads\/2022\/12\/Colorblind-2591-scaled.jpg\",\"contentUrl\":\"https:\/\/ktimaskreka.com\/wp-content\/uploads\/2022\/12\/Colorblind-2591-scaled.jpg\",\"width\":2560,\"height\":1837},{\"@type\":\"BreadcrumbList\",\"@id\":\"https:\/\/ktimaskreka.com\/fr\/products\/#breadcrumb\",\"itemListElement\":[{\"@type\":\"ListItem\",\"position\":1,\"name\":\"Home\",\"item\":\"https:\/\/ktimaskreka.com\/fr\/\"},{\"@type\":\"ListItem\",\"position\":2,\"name\":\"Products\"}]},{\"@type\":\"WebSite\",\"@id\":\"https:\/\/ktimaskreka.com\/#website\",\"url\":\"https:\/\/ktimaskreka.com\/\",\"name\":\"ktima skreka\",\"description\":\"\",\"publisher\":{\"@id\":\"https:\/\/ktimaskreka.com\/#organization\"},\"potentialAction\":[{\"@type\":\"SearchAction\",\"target\":{\"@type\":\"EntryPoint\",\"urlTemplate\":\"https:\/\/ktimaskreka.com\/?s={search_term_string}\"},\"query-input\":\"required name=search_term_string\"}],\"inLanguage\":\"fr-FR\"},{\"@type\":\"Organization\",\"@id\":\"https:\/\/ktimaskreka.com\/#organization\",\"name\":\"ktima skreka\",\"url\":\"https:\/\/ktimaskreka.com\/\",\"logo\":{\"@type\":\"ImageObject\",\"inLanguage\":\"fr-FR\",\"@id\":\"https:\/\/ktimaskreka.com\/#\/schema\/logo\/image\/\",\"url\":\"https:\/\/ktimaskreka.com\/wp-content\/uploads\/2022\/11\/Skrekas.png\",\"contentUrl\":\"https:\/\/ktimaskreka.com\/wp-content\/uploads\/2022\/11\/Skrekas.png\",\"width\":989,\"height\":397,\"caption\":\"ktima skreka\"},\"image\":{\"@id\":\"https:\/\/ktimaskreka.com\/#\/schema\/logo\/image\/\"}}]}<\/script>\n<!-- \/ Yoast SEO plugin. -->","yoast_head_json":{"title":"Products - ktima skreka","robots":{"index":"index","follow":"follow","max-snippet":"max-snippet:-1","max-image-preview":"max-image-preview:large","max-video-preview":"max-video-preview:-1"},"canonical":"https:\/\/ktimaskreka.com\/fr\/products\/","og_locale":"fr_FR","og_type":"article","og_title":"Products - ktima skreka","og_description":"Derni\u00e8rement, la gastronomie grecque est revenue plus que jamais \u00e0 ses racines, \u00e0 Ktima Skreka nous entretenons notre propre potager depuis d\u00e9j\u00e0 6 ans. . Tous les ingr\u00e9dients que nous utilisons sont soit cultiv\u00e9s dans notre jardin, soit issus de producteurs locaux. Le voyage du go\u00fbt commence avec la mati\u00e8re premi\u00e8re, bien avant d&rsquo;arriver \u00e0&hellip; Poursuivre la lecture Products","og_url":"https:\/\/ktimaskreka.com\/fr\/products\/","og_site_name":"ktima skreka","article_modified_time":"2023-01-02T10:31:27+00:00","og_image":[{"width":2560,"height":1837,"url":"https:\/\/ktimaskreka.com\/wp-content\/uploads\/2022\/12\/Colorblind-2591-scaled.jpg","type":"image\/jpeg"}],"twitter_card":"summary_large_image","twitter_misc":{"Dur\u00e9e de lecture estim\u00e9e":"1 minute"},"schema":{"@context":"https:\/\/schema.org","@graph":[{"@type":"WebPage","@id":"https:\/\/ktimaskreka.com\/fr\/products\/","url":"https:\/\/ktimaskreka.com\/fr\/products\/","name":"Products - ktima skreka","isPartOf":{"@id":"https:\/\/ktimaskreka.com\/#website"},"primaryImageOfPage":{"@id":"https:\/\/ktimaskreka.com\/fr\/products\/#primaryimage"},"image":{"@id":"https:\/\/ktimaskreka.com\/fr\/products\/#primaryimage"},"thumbnailUrl":"https:\/\/ktimaskreka.com\/wp-content\/uploads\/2022\/12\/Colorblind-2591-scaled.jpg","datePublished":"2022-11-25T13:15:06+00:00","dateModified":"2023-01-02T10:31:27+00:00","breadcrumb":{"@id":"https:\/\/ktimaskreka.com\/fr\/products\/#breadcrumb"},"inLanguage":"fr-FR","potentialAction":[{"@type":"ReadAction","target":["https:\/\/ktimaskreka.com\/fr\/products\/"]}]},{"@type":"ImageObject","inLanguage":"fr-FR","@id":"https:\/\/ktimaskreka.com\/fr\/products\/#primaryimage","url":"https:\/\/ktimaskreka.com\/wp-content\/uploads\/2022\/12\/Colorblind-2591-scaled.jpg","contentUrl":"https:\/\/ktimaskreka.com\/wp-content\/uploads\/2022\/12\/Colorblind-2591-scaled.jpg","width":2560,"height":1837},{"@type":"BreadcrumbList","@id":"https:\/\/ktimaskreka.com\/fr\/products\/#breadcrumb","itemListElement":[{"@type":"ListItem","position":1,"name":"Home","item":"https:\/\/ktimaskreka.com\/fr\/"},{"@type":"ListItem","position":2,"name":"Products"}]},{"@type":"WebSite","@id":"https:\/\/ktimaskreka.com\/#website","url":"https:\/\/ktimaskreka.com\/","name":"ktima skreka","description":"","publisher":{"@id":"https:\/\/ktimaskreka.com\/#organization"},"potentialAction":[{"@type":"SearchAction","target":{"@type":"EntryPoint","urlTemplate":"https:\/\/ktimaskreka.com\/?s={search_term_string}"},"query-input":"required name=search_term_string"}],"inLanguage":"fr-FR"},{"@type":"Organization","@id":"https:\/\/ktimaskreka.com\/#organization","name":"ktima skreka","url":"https:\/\/ktimaskreka.com\/","logo":{"@type":"ImageObject","inLanguage":"fr-FR","@id":"https:\/\/ktimaskreka.com\/#\/schema\/logo\/image\/","url":"https:\/\/ktimaskreka.com\/wp-content\/uploads\/2022\/11\/Skrekas.png","contentUrl":"https:\/\/ktimaskreka.com\/wp-content\/uploads\/2022\/11\/Skrekas.png","width":989,"height":397,"caption":"ktima skreka"},"image":{"@id":"https:\/\/ktimaskreka.com\/#\/schema\/logo\/image\/"}}]}},"_links":{"self":[{"href":"https:\/\/ktimaskreka.com\/fr\/wp-json\/wp\/v2\/pages\/865"}],"collection":[{"href":"https:\/\/ktimaskreka.com\/fr\/wp-json\/wp\/v2\/pages"}],"about":[{"href":"https:\/\/ktimaskreka.com\/fr\/wp-json\/wp\/v2\/types\/page"}],"author":[{"embeddable":true,"href":"https:\/\/ktimaskreka.com\/fr\/wp-json\/wp\/v2\/users\/1"}],"replies":[{"embeddable":true,"href":"https:\/\/ktimaskreka.com\/fr\/wp-json\/wp\/v2\/comments?post=865"}],"version-history":[{"count":4,"href":"https:\/\/ktimaskreka.com\/fr\/wp-json\/wp\/v2\/pages\/865\/revisions"}],"predecessor-version":[{"id":895,"href":"https:\/\/ktimaskreka.com\/fr\/wp-json\/wp\/v2\/pages\/865\/revisions\/895"}],"wp:featuredmedia":[{"embeddable":true,"href":"https:\/\/ktimaskreka.com\/fr\/wp-json\/wp\/v2\/media\/234"}],"wp:attachment":[{"href":"https:\/\/ktimaskreka.com\/fr\/wp-json\/wp\/v2\/media?parent=865"}],"curies":[{"name":"wp","href":"https:\/\/api.w.org\/{rel}","templated":true}]}}