{"id":857,"date":"2022-11-25T14:19:30","date_gmt":"2022-11-25T14:19:30","guid":{"rendered":"https:\/\/ktima.24lc.gr\/events\/"},"modified":"2024-06-25T11:54:18","modified_gmt":"2024-06-25T11:54:18","slug":"events","status":"publish","type":"page","link":"https:\/\/ktimaskreka.com\/fr\/events\/","title":{"rendered":"Events"},"content":{"rendered":"\n<h2 class=\"wp-block-heading\">\ud835\ude0f\ud835\ude26\ud835\ude33\ud835\ude26 \ud835\ude2a\ud835\ude2f \ud835\ude14\ud835\ude3a\ud835\ude34\ud835\ude35\ud835\ude33\ud835\ude22\ud835\ude34 \ud835\ude22\ud835\ude2d\ud835\ude2d \ud835\ude3a\ud835\ude30\ud835\ude36\ud835\ude33 \ud835\ude25\ud835\ude33\ud835\ude26\ud835\ude22\ud835\ude2e\ud835\ude34 \ud835\ude23\ud835\ude26\ud835\ude24\ud835\ude30\ud835\ude2e\ud835\ude26 \ud835\ude33\ud835\ude26\ud835\ude22\ud835\ude2d\ud835\ude2a\ud835\ude35\ud835\ude3a!<\/h2>\n\n<p><br\/>Environnement verdoyant, sous les oliveraies, \u00e0 l&rsquo;ombre du Tayg\u00e8te surplombant la ville fortifi\u00e9e de Mystras, votre r\u00eave devient r\u00e9alit\u00e9 !<br\/>Qu&rsquo;il s&rsquo;agisse d&rsquo;un mariage, d&rsquo;un bapt\u00eame, d&rsquo;un d\u00eener d&rsquo;entreprise, d&rsquo;un anniversaire, d&rsquo;une c\u00e9l\u00e9bration, chez \u039atima Skreka, nous promettons que ce sera une exp\u00e9rience inoubliable !<\/p>\n","protected":false},"excerpt":{"rendered":"<p>\ud835\ude0f\ud835\ude26\ud835\ude33\ud835\ude26 \ud835\ude2a\ud835\ude2f \ud835\ude14\ud835\ude3a\ud835\ude34\ud835\ude35\ud835\ude33\ud835\ude22\ud835\ude34 \ud835\ude22\ud835\ude2d\ud835\ude2d \ud835\ude3a\ud835\ude30\ud835\ude36\ud835\ude33 \ud835\ude25\ud835\ude33\ud835\ude26\ud835\ude22\ud835\ude2e\ud835\ude34 \ud835\ude23\ud835\ude26\ud835\ude24\ud835\ude30\ud835\ude2e\ud835\ude26 \ud835\ude33\ud835\ude26\ud835\ude22\ud835\ude2d\ud835\ude2a\ud835\ude35\ud835\ude3a! Environnement verdoyant, sous les oliveraies, \u00e0 l&rsquo;ombre du Tayg\u00e8te surplombant la ville fortifi\u00e9e de Mystras, votre r\u00eave devient r\u00e9alit\u00e9 !Qu&rsquo;il s&rsquo;agisse d&rsquo;un mariage, d&rsquo;un bapt\u00eame, d&rsquo;un d\u00eener d&rsquo;entreprise, d&rsquo;un anniversaire, d&rsquo;une c\u00e9l\u00e9bration, chez \u039atima Skreka, nous promettons que ce sera une exp\u00e9rience inoubliable !<\/p>\n","protected":false},"author":1,"featured_media":97,"parent":0,"menu_order":0,"comment_status":"closed","ping_status":"closed","template":"templates\/Events.php","meta":{"_acf_changed":false,"footnotes":""},"acf":[],"yoast_head":"<!-- This site is optimized with the Yoast SEO plugin v22.9 - https:\/\/yoast.com\/wordpress\/plugins\/seo\/ -->\n<title>Events - ktima skreka<\/title>\n<meta name=\"robots\" content=\"index, follow, max-snippet:-1, max-image-preview:large, max-video-preview:-1\" \/>\n<link rel=\"canonical\" href=\"https:\/\/ktimaskreka.com\/fr\/events\/\" \/>\n<meta property=\"og:locale\" content=\"fr_FR\" \/>\n<meta property=\"og:type\" content=\"article\" \/>\n<meta property=\"og:title\" content=\"Events - ktima skreka\" \/>\n<meta property=\"og:description\" content=\"\ud835\ude0f\ud835\ude26\ud835\ude33\ud835\ude26 \ud835\ude2a\ud835\ude2f \ud835\ude14\ud835\ude3a\ud835\ude34\ud835\ude35\ud835\ude33\ud835\ude22\ud835\ude34 \ud835\ude22\ud835\ude2d\ud835\ude2d \ud835\ude3a\ud835\ude30\ud835\ude36\ud835\ude33 \ud835\ude25\ud835\ude33\ud835\ude26\ud835\ude22\ud835\ude2e\ud835\ude34 \ud835\ude23\ud835\ude26\ud835\ude24\ud835\ude30\ud835\ude2e\ud835\ude26 \ud835\ude33\ud835\ude26\ud835\ude22\ud835\ude2d\ud835\ude2a\ud835\ude35\ud835\ude3a! Environnement verdoyant, sous les oliveraies, \u00e0 l&rsquo;ombre du Tayg\u00e8te surplombant la ville fortifi\u00e9e de Mystras, votre r\u00eave devient r\u00e9alit\u00e9 !Qu&rsquo;il s&rsquo;agisse d&rsquo;un mariage, d&rsquo;un bapt\u00eame, d&rsquo;un d\u00eener d&rsquo;entreprise, d&rsquo;un anniversaire, d&rsquo;une c\u00e9l\u00e9bration, chez \u039atima Skreka, nous promettons que ce sera une exp\u00e9rience inoubliable !\" \/>\n<meta property=\"og:url\" content=\"https:\/\/ktimaskreka.com\/fr\/events\/\" \/>\n<meta property=\"og:site_name\" content=\"ktima skreka\" \/>\n<meta property=\"article:modified_time\" content=\"2024-06-25T11:54:18+00:00\" \/>\n<meta property=\"og:image\" content=\"https:\/\/ktimaskreka.com\/wp-content\/uploads\/2022\/11\/Colorblind-2074-scaled.jpg\" \/>\n\t<meta property=\"og:image:width\" content=\"2560\" \/>\n\t<meta property=\"og:image:height\" content=\"1707\" \/>\n\t<meta property=\"og:image:type\" content=\"image\/jpeg\" \/>\n<meta name=\"twitter:card\" content=\"summary_large_image\" \/>\n<meta name=\"twitter:label1\" content=\"Dur\u00e9e de lecture estim\u00e9e\" \/>\n\t<meta name=\"twitter:data1\" content=\"1 minute\" \/>\n<script type=\"application\/ld+json\" class=\"yoast-schema-graph\">{\"@context\":\"https:\/\/schema.org\",\"@graph\":[{\"@type\":\"WebPage\",\"@id\":\"https:\/\/ktimaskreka.com\/fr\/events\/\",\"url\":\"https:\/\/ktimaskreka.com\/fr\/events\/\",\"name\":\"Events - ktima skreka\",\"isPartOf\":{\"@id\":\"https:\/\/ktimaskreka.com\/#website\"},\"primaryImageOfPage\":{\"@id\":\"https:\/\/ktimaskreka.com\/fr\/events\/#primaryimage\"},\"image\":{\"@id\":\"https:\/\/ktimaskreka.com\/fr\/events\/#primaryimage\"},\"thumbnailUrl\":\"https:\/\/ktimaskreka.com\/wp-content\/uploads\/2022\/11\/Colorblind-2074-scaled.jpg\",\"datePublished\":\"2022-11-25T14:19:30+00:00\",\"dateModified\":\"2024-06-25T11:54:18+00:00\",\"breadcrumb\":{\"@id\":\"https:\/\/ktimaskreka.com\/fr\/events\/#breadcrumb\"},\"inLanguage\":\"fr-FR\",\"potentialAction\":[{\"@type\":\"ReadAction\",\"target\":[\"https:\/\/ktimaskreka.com\/fr\/events\/\"]}]},{\"@type\":\"ImageObject\",\"inLanguage\":\"fr-FR\",\"@id\":\"https:\/\/ktimaskreka.com\/fr\/events\/#primaryimage\",\"url\":\"https:\/\/ktimaskreka.com\/wp-content\/uploads\/2022\/11\/Colorblind-2074-scaled.jpg\",\"contentUrl\":\"https:\/\/ktimaskreka.com\/wp-content\/uploads\/2022\/11\/Colorblind-2074-scaled.jpg\",\"width\":2560,\"height\":1707},{\"@type\":\"BreadcrumbList\",\"@id\":\"https:\/\/ktimaskreka.com\/fr\/events\/#breadcrumb\",\"itemListElement\":[{\"@type\":\"ListItem\",\"position\":1,\"name\":\"Home\",\"item\":\"https:\/\/ktimaskreka.com\/fr\/\"},{\"@type\":\"ListItem\",\"position\":2,\"name\":\"Events\"}]},{\"@type\":\"WebSite\",\"@id\":\"https:\/\/ktimaskreka.com\/#website\",\"url\":\"https:\/\/ktimaskreka.com\/\",\"name\":\"ktima skreka\",\"description\":\"\",\"publisher\":{\"@id\":\"https:\/\/ktimaskreka.com\/#organization\"},\"potentialAction\":[{\"@type\":\"SearchAction\",\"target\":{\"@type\":\"EntryPoint\",\"urlTemplate\":\"https:\/\/ktimaskreka.com\/?s={search_term_string}\"},\"query-input\":\"required name=search_term_string\"}],\"inLanguage\":\"fr-FR\"},{\"@type\":\"Organization\",\"@id\":\"https:\/\/ktimaskreka.com\/#organization\",\"name\":\"ktima skreka\",\"url\":\"https:\/\/ktimaskreka.com\/\",\"logo\":{\"@type\":\"ImageObject\",\"inLanguage\":\"fr-FR\",\"@id\":\"https:\/\/ktimaskreka.com\/#\/schema\/logo\/image\/\",\"url\":\"https:\/\/ktimaskreka.com\/wp-content\/uploads\/2022\/11\/Skrekas.png\",\"contentUrl\":\"https:\/\/ktimaskreka.com\/wp-content\/uploads\/2022\/11\/Skrekas.png\",\"width\":989,\"height\":397,\"caption\":\"ktima skreka\"},\"image\":{\"@id\":\"https:\/\/ktimaskreka.com\/#\/schema\/logo\/image\/\"}}]}<\/script>\n<!-- \/ Yoast SEO plugin. -->","yoast_head_json":{"title":"Events - ktima skreka","robots":{"index":"index","follow":"follow","max-snippet":"max-snippet:-1","max-image-preview":"max-image-preview:large","max-video-preview":"max-video-preview:-1"},"canonical":"https:\/\/ktimaskreka.com\/fr\/events\/","og_locale":"fr_FR","og_type":"article","og_title":"Events - ktima skreka","og_description":"\ud835\ude0f\ud835\ude26\ud835\ude33\ud835\ude26 \ud835\ude2a\ud835\ude2f \ud835\ude14\ud835\ude3a\ud835\ude34\ud835\ude35\ud835\ude33\ud835\ude22\ud835\ude34 \ud835\ude22\ud835\ude2d\ud835\ude2d \ud835\ude3a\ud835\ude30\ud835\ude36\ud835\ude33 \ud835\ude25\ud835\ude33\ud835\ude26\ud835\ude22\ud835\ude2e\ud835\ude34 \ud835\ude23\ud835\ude26\ud835\ude24\ud835\ude30\ud835\ude2e\ud835\ude26 \ud835\ude33\ud835\ude26\ud835\ude22\ud835\ude2d\ud835\ude2a\ud835\ude35\ud835\ude3a! Environnement verdoyant, sous les oliveraies, \u00e0 l&rsquo;ombre du Tayg\u00e8te surplombant la ville fortifi\u00e9e de Mystras, votre r\u00eave devient r\u00e9alit\u00e9 !Qu&rsquo;il s&rsquo;agisse d&rsquo;un mariage, d&rsquo;un bapt\u00eame, d&rsquo;un d\u00eener d&rsquo;entreprise, d&rsquo;un anniversaire, d&rsquo;une c\u00e9l\u00e9bration, chez \u039atima Skreka, nous promettons que ce sera une exp\u00e9rience inoubliable !","og_url":"https:\/\/ktimaskreka.com\/fr\/events\/","og_site_name":"ktima skreka","article_modified_time":"2024-06-25T11:54:18+00:00","og_image":[{"width":2560,"height":1707,"url":"https:\/\/ktimaskreka.com\/wp-content\/uploads\/2022\/11\/Colorblind-2074-scaled.jpg","type":"image\/jpeg"}],"twitter_card":"summary_large_image","twitter_misc":{"Dur\u00e9e de lecture estim\u00e9e":"1 minute"},"schema":{"@context":"https:\/\/schema.org","@graph":[{"@type":"WebPage","@id":"https:\/\/ktimaskreka.com\/fr\/events\/","url":"https:\/\/ktimaskreka.com\/fr\/events\/","name":"Events - ktima skreka","isPartOf":{"@id":"https:\/\/ktimaskreka.com\/#website"},"primaryImageOfPage":{"@id":"https:\/\/ktimaskreka.com\/fr\/events\/#primaryimage"},"image":{"@id":"https:\/\/ktimaskreka.com\/fr\/events\/#primaryimage"},"thumbnailUrl":"https:\/\/ktimaskreka.com\/wp-content\/uploads\/2022\/11\/Colorblind-2074-scaled.jpg","datePublished":"2022-11-25T14:19:30+00:00","dateModified":"2024-06-25T11:54:18+00:00","breadcrumb":{"@id":"https:\/\/ktimaskreka.com\/fr\/events\/#breadcrumb"},"inLanguage":"fr-FR","potentialAction":[{"@type":"ReadAction","target":["https:\/\/ktimaskreka.com\/fr\/events\/"]}]},{"@type":"ImageObject","inLanguage":"fr-FR","@id":"https:\/\/ktimaskreka.com\/fr\/events\/#primaryimage","url":"https:\/\/ktimaskreka.com\/wp-content\/uploads\/2022\/11\/Colorblind-2074-scaled.jpg","contentUrl":"https:\/\/ktimaskreka.com\/wp-content\/uploads\/2022\/11\/Colorblind-2074-scaled.jpg","width":2560,"height":1707},{"@type":"BreadcrumbList","@id":"https:\/\/ktimaskreka.com\/fr\/events\/#breadcrumb","itemListElement":[{"@type":"ListItem","position":1,"name":"Home","item":"https:\/\/ktimaskreka.com\/fr\/"},{"@type":"ListItem","position":2,"name":"Events"}]},{"@type":"WebSite","@id":"https:\/\/ktimaskreka.com\/#website","url":"https:\/\/ktimaskreka.com\/","name":"ktima skreka","description":"","publisher":{"@id":"https:\/\/ktimaskreka.com\/#organization"},"potentialAction":[{"@type":"SearchAction","target":{"@type":"EntryPoint","urlTemplate":"https:\/\/ktimaskreka.com\/?s={search_term_string}"},"query-input":"required name=search_term_string"}],"inLanguage":"fr-FR"},{"@type":"Organization","@id":"https:\/\/ktimaskreka.com\/#organization","name":"ktima skreka","url":"https:\/\/ktimaskreka.com\/","logo":{"@type":"ImageObject","inLanguage":"fr-FR","@id":"https:\/\/ktimaskreka.com\/#\/schema\/logo\/image\/","url":"https:\/\/ktimaskreka.com\/wp-content\/uploads\/2022\/11\/Skrekas.png","contentUrl":"https:\/\/ktimaskreka.com\/wp-content\/uploads\/2022\/11\/Skrekas.png","width":989,"height":397,"caption":"ktima skreka"},"image":{"@id":"https:\/\/ktimaskreka.com\/#\/schema\/logo\/image\/"}}]}},"_links":{"self":[{"href":"https:\/\/ktimaskreka.com\/fr\/wp-json\/wp\/v2\/pages\/857"}],"collection":[{"href":"https:\/\/ktimaskreka.com\/fr\/wp-json\/wp\/v2\/pages"}],"about":[{"href":"https:\/\/ktimaskreka.com\/fr\/wp-json\/wp\/v2\/types\/page"}],"author":[{"embeddable":true,"href":"https:\/\/ktimaskreka.com\/fr\/wp-json\/wp\/v2\/users\/1"}],"replies":[{"embeddable":true,"href":"https:\/\/ktimaskreka.com\/fr\/wp-json\/wp\/v2\/comments?post=857"}],"version-history":[{"count":6,"href":"https:\/\/ktimaskreka.com\/fr\/wp-json\/wp\/v2\/pages\/857\/revisions"}],"predecessor-version":[{"id":1065,"href":"https:\/\/ktimaskreka.com\/fr\/wp-json\/wp\/v2\/pages\/857\/revisions\/1065"}],"wp:featuredmedia":[{"embeddable":true,"href":"https:\/\/ktimaskreka.com\/fr\/wp-json\/wp\/v2\/media\/97"}],"wp:attachment":[{"href":"https:\/\/ktimaskreka.com\/fr\/wp-json\/wp\/v2\/media?parent=857"}],"curies":[{"name":"wp","href":"https:\/\/api.w.org\/{rel}","templated":true}]}}