{"id":848,"date":"2022-12-21T10:30:05","date_gmt":"2022-12-21T10:30:05","guid":{"rendered":"https:\/\/ktima.24lc.gr\/politique-de-confidentialite\/"},"modified":"2022-12-21T14:08:22","modified_gmt":"2022-12-21T14:08:22","slug":"politique-de-confidentialite","status":"publish","type":"page","link":"https:\/\/ktimaskreka.com\/fr\/politique-de-confidentialite\/","title":{"rendered":"Politique de confidentialit\u00e9"},"content":{"rendered":"\n<p>1. S\u00e9curit\u00e9 de vos Donn\u00e9es <\/p>\n\n<p>La page ktimaskreka.com respecte vos donn\u00e9es personnelles et applique la loi grecque, qui est formul\u00e9e conform\u00e9ment au r\u00e8glement g\u00e9n\u00e9ral sur la protection des donn\u00e9es personnelles 2016\/679\/UE, et en g\u00e9n\u00e9ral le cadre l\u00e9gislatif et r\u00e9glementaire national et europ\u00e9en applicable pour la protection donn\u00e9es personnelles. Ci-dessous, nous expliquons les informations que nous collectons et d\u00e9tenons, comment ces informations sont utilis\u00e9es et avec qui nous les partageons. <br\/> <br\/>ktimaskreka.com s&rsquo;engage \u00e0 prot\u00e9ger vos donn\u00e9es personnelles et \u00e0 prendre toutes les mesures appropri\u00e9es pour assurer la s\u00e9curit\u00e9 de vos donn\u00e9es personnelles. Nous avons pris des moyens raisonnables, physiques et techniques pour prot\u00e9ger les informations que nous collectons dans le cadre de nos services. Toutefois, veuillez noter qu&rsquo;aucun site Web, syst\u00e8me d&rsquo;information ou transmission Internet n&rsquo;est totalement s\u00e9curis\u00e9. Dans le cas o\u00f9 nous d\u00e9couvririons que vos donn\u00e9es ont \u00e9t\u00e9 intercept\u00e9es, nous nous engageons \u00e0 vous informer imm\u00e9diatement de l&rsquo;\u00e9tendue et du contenu de cette activit\u00e9 malveillante. <\/p>\n\n<p>Cette politique de confidentialit\u00e9 vise \u00e0 vous informer sur diverses informations utiles, telles que les donn\u00e9es que nous collectons, comment nous utilisons les informations que nous collectons, vos droits et comment vous pouvez les exercer, avec qui nous partageons des donn\u00e9es, comment r\u00e9soudre les litiges, etc. Pour tout probl\u00e8me que vous rencontrez concernant la politique de confidentialit\u00e9, vous pouvez contacter le d\u00e9l\u00e9gu\u00e9 \u00e0 la protection des donn\u00e9es de ktimaskreka.com soit par a) e-mail \u00e0 ktimaskreka@gmail.com ou b) par courrier \u00e0 Pikoulianika 231 00, Lakonia, Gr\u00e8ce<\/p>\n\n<p>2. Vos droits <\/p>\n\n<p>Vous disposez des droits suivants concernant vos donn\u00e9es personnelles : <\/p>\n\n<ul>\n<li>Droit d&rsquo;acc\u00e8s &#8211; Information : Vous avez le droit d&rsquo;obtenir des informations sur le traitement de vos donn\u00e9es, les donn\u00e9es que nous avons collect\u00e9es, avec qui nous les partageons, la finalit\u00e9 du traitement et la dur\u00e9e de conservation. <\/li>\n<\/ul>\n\n<ul>\n<li>Droit de rectification des informations inexactes : Vous avez le droit de nous demander de corriger les informations vous concernant qui sont inexactes ou m\u00eame de compl\u00e9ter des informations compl\u00e9mentaires. Vous pouvez exercer vous-m\u00eame ce droit en vous connectant \u00e0 votre compte et en corrigeant les champs correspondants dans votre profil. <\/li>\n\n\n\n<li>Droit \u00e0 la restriction du traitement : vous avez le droit de nous demander de restreindre ou de bloquer le traitement de vos donn\u00e9es personnelles. <\/li>\n\n\n\n<li>Droit \u00e0 la portabilit\u00e9 : Vous avez le droit de nous demander de recevoir vos donn\u00e9es personnelles ou de les transf\u00e9rer \u00e0 une autre organisation en votre nom. <\/li>\n\n\n\n<li>Droit \u00e0 l&rsquo;effacement &#8211; Oubli &#8211; Retrait du consentement : Vous avez le droit de demander par \u00e9crit que nous supprimions vos donn\u00e9es personnelles, tant qu&rsquo;il n&rsquo;existe pas de motifs l\u00e9gitimes qui l&#8217;emportent sur votre droit (par exemple, la l\u00e9gislation fiscale et commerciale). Vous avez \u00e9galement le droit de retirer votre consentement au traitement de vos donn\u00e9es, sans pr\u00e9judice de la lic\u00e9it\u00e9 du traitement fond\u00e9 sur le consentement pr\u00e9alable \u00e0 son retrait. <\/li>\n\n\n\n<li>Droit de ne pas recevoir d&rsquo;actions marketing : Vous avez le droit de demander \u00e0 ne pas recevoir de mises \u00e0 jour sur les actions marketing. <\/li>\n<\/ul>\n\n<p>  3. R\u00e8glement des diff\u00e9rends <\/p>\n\n<p>Si vous pensez que nous ne pouvons pas r\u00e9soudre les probl\u00e8mes que vous rencontrez et que vous pensez que nous enfreignons l&rsquo;un de vos droits, vous pouvez recourir \u00e0 la plateforme de r\u00e8glement en ligne des litiges comme pr\u00e9vu \u00e0 l&rsquo;article 14 du r\u00e8glement 524\/2013. Plus d&rsquo;informations peuvent \u00eatre trouv\u00e9es sur <a href=\"https:\/\/ec.europa.eu\/consumers\/odr\/\" target=\"_blank\" rel=\"noreferrer noopener\">https:\/\/ec.europa.eu\/consumers\/odr<\/a>\/. De plus, vous pouvez contacter le d\u00e9fenseur des consommateurs \u00e0 l&rsquo;adresse <a href=\"http:\/\/www.synigoroskatanaloti.gr\/\" target=\"_blank\" rel=\"noreferrer noopener\">http:\/\/www.synigoroskatanaloti.gr\/<\/a>. <br\/> <br\/>Enfin, si vous pensez que nous violons vos donn\u00e9es personnelles, vous avez le droit de contacter ou de d\u00e9poser une plainte aupr\u00e8s de l&rsquo;Autorit\u00e9 de protection des donn\u00e9es personnelles (Kifisias 1-3, Ath\u00e8nes, P.O. 11523 ou par t\u00e9l\u00e9phone 2106475600, e-mail : <a href=\"mailto:contact@dpa.gr\" target=\"_blank\" rel=\"noreferrer noopener\">contact@ dpa.gr<\/a>). <br\/> <br\/>Ce qui pr\u00e9c\u00e8de ne limite pas les droits que vous et nous avons de recourir aux tribunaux comp\u00e9tents. <\/p>\n\n<p>4. Communiquer avec nous <\/p>\n\n<p>Si vous avez des questions ou souhaitez exercer vos droits concernant cette politique de confidentialit\u00e9, vous pouvez contacter le d\u00e9l\u00e9gu\u00e9 \u00e0 la protection des donn\u00e9es soit par a) e-mail \u00e0 ktimaskreka@gmail.com, soit b) par courrier \u00e0 Pikoulianika 231 00, Lakonia , Hellas<\/p>\n\n<p>13. Modifications de la politique de confidentialit\u00e9 <\/p>\n\n<p>ktimaskreka.com se r\u00e9serve le droit de modifier cette politique de confidentialit\u00e9. La modification la plus r\u00e9cente est toujours consid\u00e9r\u00e9e comme valide. Vous devez v\u00e9rifier cette politique r\u00e9guli\u00e8rement pour \u00eatre inform\u00e9 de la derni\u00e8re version mise \u00e0 jour. <\/p>\n","protected":false},"excerpt":{"rendered":"<p>1. S\u00e9curit\u00e9 de vos Donn\u00e9es La page ktimaskreka.com respecte vos donn\u00e9es personnelles et applique la loi grecque, qui est formul\u00e9e conform\u00e9ment au r\u00e8glement g\u00e9n\u00e9ral sur la protection des donn\u00e9es personnelles 2016\/679\/UE, et en g\u00e9n\u00e9ral le cadre l\u00e9gislatif et r\u00e9glementaire national et europ\u00e9en applicable pour la protection donn\u00e9es personnelles. Ci-dessous, nous expliquons les informations que nous&hellip; <a class=\"more-link\" href=\"https:\/\/ktimaskreka.com\/fr\/politique-de-confidentialite\/\">Poursuivre la lecture <span class=\"screen-reader-text\">Politique de confidentialit\u00e9<\/span><\/a><\/p>\n","protected":false},"author":1,"featured_media":0,"parent":0,"menu_order":0,"comment_status":"closed","ping_status":"closed","template":"","meta":{"_acf_changed":false,"footnotes":""},"acf":[],"yoast_head":"<!-- This site is optimized with the Yoast SEO plugin v22.9 - https:\/\/yoast.com\/wordpress\/plugins\/seo\/ -->\n<title>Politique de confidentialit\u00e9 - ktima skreka<\/title>\n<meta name=\"robots\" content=\"index, follow, max-snippet:-1, max-image-preview:large, max-video-preview:-1\" \/>\n<link rel=\"canonical\" href=\"https:\/\/ktimaskreka.com\/fr\/politique-de-confidentialite\/\" \/>\n<meta property=\"og:locale\" content=\"fr_FR\" \/>\n<meta property=\"og:type\" content=\"article\" \/>\n<meta property=\"og:title\" content=\"Politique de confidentialit\u00e9 - ktima skreka\" \/>\n<meta property=\"og:description\" content=\"1. S\u00e9curit\u00e9 de vos Donn\u00e9es La page ktimaskreka.com respecte vos donn\u00e9es personnelles et applique la loi grecque, qui est formul\u00e9e conform\u00e9ment au r\u00e8glement g\u00e9n\u00e9ral sur la protection des donn\u00e9es personnelles 2016\/679\/UE, et en g\u00e9n\u00e9ral le cadre l\u00e9gislatif et r\u00e9glementaire national et europ\u00e9en applicable pour la protection donn\u00e9es personnelles. Ci-dessous, nous expliquons les informations que nous&hellip; Poursuivre la lecture Politique de confidentialit\u00e9\" \/>\n<meta property=\"og:url\" content=\"https:\/\/ktimaskreka.com\/fr\/politique-de-confidentialite\/\" \/>\n<meta property=\"og:site_name\" content=\"ktima skreka\" \/>\n<meta property=\"article:modified_time\" content=\"2022-12-21T14:08:22+00:00\" \/>\n<meta name=\"twitter:card\" content=\"summary_large_image\" \/>\n<meta name=\"twitter:label1\" content=\"Dur\u00e9e de lecture estim\u00e9e\" \/>\n\t<meta name=\"twitter:data1\" content=\"4 minutes\" \/>\n<script type=\"application\/ld+json\" class=\"yoast-schema-graph\">{\"@context\":\"https:\/\/schema.org\",\"@graph\":[{\"@type\":\"WebPage\",\"@id\":\"https:\/\/ktimaskreka.com\/fr\/politique-de-confidentialite\/\",\"url\":\"https:\/\/ktimaskreka.com\/fr\/politique-de-confidentialite\/\",\"name\":\"Politique de confidentialit\u00e9 - ktima skreka\",\"isPartOf\":{\"@id\":\"https:\/\/ktimaskreka.com\/#website\"},\"datePublished\":\"2022-12-21T10:30:05+00:00\",\"dateModified\":\"2022-12-21T14:08:22+00:00\",\"breadcrumb\":{\"@id\":\"https:\/\/ktimaskreka.com\/fr\/politique-de-confidentialite\/#breadcrumb\"},\"inLanguage\":\"fr-FR\",\"potentialAction\":[{\"@type\":\"ReadAction\",\"target\":[\"https:\/\/ktimaskreka.com\/fr\/politique-de-confidentialite\/\"]}]},{\"@type\":\"BreadcrumbList\",\"@id\":\"https:\/\/ktimaskreka.com\/fr\/politique-de-confidentialite\/#breadcrumb\",\"itemListElement\":[{\"@type\":\"ListItem\",\"position\":1,\"name\":\"Home\",\"item\":\"https:\/\/ktimaskreka.com\/fr\/\"},{\"@type\":\"ListItem\",\"position\":2,\"name\":\"Politique de confidentialit\u00e9\"}]},{\"@type\":\"WebSite\",\"@id\":\"https:\/\/ktimaskreka.com\/#website\",\"url\":\"https:\/\/ktimaskreka.com\/\",\"name\":\"ktima skreka\",\"description\":\"\",\"publisher\":{\"@id\":\"https:\/\/ktimaskreka.com\/#organization\"},\"potentialAction\":[{\"@type\":\"SearchAction\",\"target\":{\"@type\":\"EntryPoint\",\"urlTemplate\":\"https:\/\/ktimaskreka.com\/?s={search_term_string}\"},\"query-input\":\"required name=search_term_string\"}],\"inLanguage\":\"fr-FR\"},{\"@type\":\"Organization\",\"@id\":\"https:\/\/ktimaskreka.com\/#organization\",\"name\":\"ktima skreka\",\"url\":\"https:\/\/ktimaskreka.com\/\",\"logo\":{\"@type\":\"ImageObject\",\"inLanguage\":\"fr-FR\",\"@id\":\"https:\/\/ktimaskreka.com\/#\/schema\/logo\/image\/\",\"url\":\"https:\/\/ktimaskreka.com\/wp-content\/uploads\/2022\/11\/Skrekas.png\",\"contentUrl\":\"https:\/\/ktimaskreka.com\/wp-content\/uploads\/2022\/11\/Skrekas.png\",\"width\":989,\"height\":397,\"caption\":\"ktima skreka\"},\"image\":{\"@id\":\"https:\/\/ktimaskreka.com\/#\/schema\/logo\/image\/\"}}]}<\/script>\n<!-- \/ Yoast SEO plugin. -->","yoast_head_json":{"title":"Politique de confidentialit\u00e9 - ktima skreka","robots":{"index":"index","follow":"follow","max-snippet":"max-snippet:-1","max-image-preview":"max-image-preview:large","max-video-preview":"max-video-preview:-1"},"canonical":"https:\/\/ktimaskreka.com\/fr\/politique-de-confidentialite\/","og_locale":"fr_FR","og_type":"article","og_title":"Politique de confidentialit\u00e9 - ktima skreka","og_description":"1. S\u00e9curit\u00e9 de vos Donn\u00e9es La page ktimaskreka.com respecte vos donn\u00e9es personnelles et applique la loi grecque, qui est formul\u00e9e conform\u00e9ment au r\u00e8glement g\u00e9n\u00e9ral sur la protection des donn\u00e9es personnelles 2016\/679\/UE, et en g\u00e9n\u00e9ral le cadre l\u00e9gislatif et r\u00e9glementaire national et europ\u00e9en applicable pour la protection donn\u00e9es personnelles. Ci-dessous, nous expliquons les informations que nous&hellip; Poursuivre la lecture Politique de confidentialit\u00e9","og_url":"https:\/\/ktimaskreka.com\/fr\/politique-de-confidentialite\/","og_site_name":"ktima skreka","article_modified_time":"2022-12-21T14:08:22+00:00","twitter_card":"summary_large_image","twitter_misc":{"Dur\u00e9e de lecture estim\u00e9e":"4 minutes"},"schema":{"@context":"https:\/\/schema.org","@graph":[{"@type":"WebPage","@id":"https:\/\/ktimaskreka.com\/fr\/politique-de-confidentialite\/","url":"https:\/\/ktimaskreka.com\/fr\/politique-de-confidentialite\/","name":"Politique de confidentialit\u00e9 - ktima skreka","isPartOf":{"@id":"https:\/\/ktimaskreka.com\/#website"},"datePublished":"2022-12-21T10:30:05+00:00","dateModified":"2022-12-21T14:08:22+00:00","breadcrumb":{"@id":"https:\/\/ktimaskreka.com\/fr\/politique-de-confidentialite\/#breadcrumb"},"inLanguage":"fr-FR","potentialAction":[{"@type":"ReadAction","target":["https:\/\/ktimaskreka.com\/fr\/politique-de-confidentialite\/"]}]},{"@type":"BreadcrumbList","@id":"https:\/\/ktimaskreka.com\/fr\/politique-de-confidentialite\/#breadcrumb","itemListElement":[{"@type":"ListItem","position":1,"name":"Home","item":"https:\/\/ktimaskreka.com\/fr\/"},{"@type":"ListItem","position":2,"name":"Politique de confidentialit\u00e9"}]},{"@type":"WebSite","@id":"https:\/\/ktimaskreka.com\/#website","url":"https:\/\/ktimaskreka.com\/","name":"ktima skreka","description":"","publisher":{"@id":"https:\/\/ktimaskreka.com\/#organization"},"potentialAction":[{"@type":"SearchAction","target":{"@type":"EntryPoint","urlTemplate":"https:\/\/ktimaskreka.com\/?s={search_term_string}"},"query-input":"required name=search_term_string"}],"inLanguage":"fr-FR"},{"@type":"Organization","@id":"https:\/\/ktimaskreka.com\/#organization","name":"ktima skreka","url":"https:\/\/ktimaskreka.com\/","logo":{"@type":"ImageObject","inLanguage":"fr-FR","@id":"https:\/\/ktimaskreka.com\/#\/schema\/logo\/image\/","url":"https:\/\/ktimaskreka.com\/wp-content\/uploads\/2022\/11\/Skrekas.png","contentUrl":"https:\/\/ktimaskreka.com\/wp-content\/uploads\/2022\/11\/Skrekas.png","width":989,"height":397,"caption":"ktima skreka"},"image":{"@id":"https:\/\/ktimaskreka.com\/#\/schema\/logo\/image\/"}}]}},"_links":{"self":[{"href":"https:\/\/ktimaskreka.com\/fr\/wp-json\/wp\/v2\/pages\/848"}],"collection":[{"href":"https:\/\/ktimaskreka.com\/fr\/wp-json\/wp\/v2\/pages"}],"about":[{"href":"https:\/\/ktimaskreka.com\/fr\/wp-json\/wp\/v2\/types\/page"}],"author":[{"embeddable":true,"href":"https:\/\/ktimaskreka.com\/fr\/wp-json\/wp\/v2\/users\/1"}],"replies":[{"embeddable":true,"href":"https:\/\/ktimaskreka.com\/fr\/wp-json\/wp\/v2\/comments?post=848"}],"version-history":[{"count":1,"href":"https:\/\/ktimaskreka.com\/fr\/wp-json\/wp\/v2\/pages\/848\/revisions"}],"predecessor-version":[{"id":849,"href":"https:\/\/ktimaskreka.com\/fr\/wp-json\/wp\/v2\/pages\/848\/revisions\/849"}],"wp:attachment":[{"href":"https:\/\/ktimaskreka.com\/fr\/wp-json\/wp\/v2\/media?parent=848"}],"curies":[{"name":"wp","href":"https:\/\/api.w.org\/{rel}","templated":true}]}}