{"id":846,"date":"2022-12-21T10:24:46","date_gmt":"2022-12-21T10:24:46","guid":{"rendered":"https:\/\/ktima.24lc.gr\/politique-de-cookies\/"},"modified":"2022-12-21T14:04:42","modified_gmt":"2022-12-21T14:04:42","slug":"politique-de-cookies","status":"publish","type":"page","link":"https:\/\/ktimaskreka.com\/fr\/politique-de-cookies\/","title":{"rendered":"Politique de cookies"},"content":{"rendered":"\n<p>1. Que sont les cookies ? <\/p>\n\n<p>Les cookies sont de petits fichiers texte qui sont stock\u00e9s dans notre navigateur lors de la navigation sur Internet \u00e0 des fins de reconnaissance et d&rsquo;optimisation pour le fonctionnement le plus efficace de divers sites Web. Les cookies ne causent pas de dommages aux ordinateurs des utilisateurs ou aux fichiers qui y sont stock\u00e9s, ni ne donnent acc\u00e8s aux documents ou fichiers sur votre ordinateur. De plus, les cookies ne contiennent pas d&rsquo;informations personnelles ou d&rsquo;informations qui permettraient \u00e0 quiconque de vous contacter par t\u00e9l\u00e9phone ou par e-mail. Les cookies de ktimaskreka.com (ci-apr\u00e8s la \u00ab Soci\u00e9t\u00e9 \u00bb) ont pour finalit\u00e9 de stocker certaines informations utiles relatives \u00e0 votre navigation, afin que nous puissions vous proposer une exp\u00e9rience utilisateur am\u00e9lior\u00e9e, tandis que les cookies nous aident en m\u00eame temps \u00e0 am\u00e9liorer le contenu de notre site internet. et de nos publicit\u00e9s, selon vos pr\u00e9f\u00e9rences, ainsi que pour mesurer la performance et le trafic de . <\/p>\n\n<p>2. Pourquoi utilisons-nous des cookies ? <\/p>\n\n<p>La page ktimaskreka.com utilise des cookies pour g\u00e9rer les sessions, am\u00e9liorer notre fonctionnement, se connecter facilement \u00e0 votre compte, afficher des contenus personnalis\u00e9s tels que des suggestions et du mat\u00e9riel publicitaire qui correspondent le mieux \u00e0 vos int\u00e9r\u00eats. De plus, les cookies nous aident \u00e0 analyser comment les visiteurs utilisent notre site Web, comment ils naviguent et identifient les zones o\u00f9 ils peuvent rencontrer des difficult\u00e9s. Enfin, gr\u00e2ce \u00e0 l&rsquo;utilisation de cookies, nous pouvons collecter et collectons des statistiques anonymes pour mieux comprendre l&rsquo;utilisation de la page ktimaskreka.com, afin d&rsquo;am\u00e9liorer sa structure et son contenu. <\/p>\n\n<p>3. Cat\u00e9gories de Cookies ? <\/p>\n\n<p>Vous pouvez configurer les param\u00e8tres de votre navigateur pour rejeter tout ou partie des cookies, \u00e0 l&rsquo;exception de ceux n\u00e9cessaires au fonctionnement de la page ktimaskreka.com. Certaines fonctions de la page ktimaskreka.com ne sont disponibles que gr\u00e2ce \u00e0 l&rsquo;utilisation de cookies. Par cons\u00e9quent, si vous choisissez de refuser les cookies, il est possible que ces fonctions cessent d&rsquo;\u00eatre fonctionnelles. Sur ktimaskreka.com, il existe les cat\u00e9gories de cookies suivantes : <br\/> <br\/>a) Cookies n\u00e9cessaires <br\/>Les cookies n\u00e9cessaires sont n\u00e9cessaires au bon fonctionnement de la page ktimaskreka.com. En utilisant ces cookies, vous pouvez naviguer sur la page ktimaskreka.com, vous connecter \u00e0 votre compte, finaliser votre commande et finaliser votre paiement en ligne. Sans ces cookies, la page ktimaskreka.com ne peut pas fonctionner et pour cette raison leur d\u00e9sactivation lors de l&rsquo;utilisation de la page ktimaskreka.com n&rsquo;est pas possible. <br\/> <br\/>b) Cookies de performance (statistiques) <br\/>Les cookies de performance sont utilis\u00e9s pour collecter des donn\u00e9es statistiques anonymes, afin que, par exemple, nous sachions quelles pages nos utilisateurs visitent le plus souvent et comment ces pages sont utilis\u00e9es. Ces informations anonymes sont utilis\u00e9es exclusivement pour am\u00e9liorer le fonctionnement de la page ktimaskreka.com<br\/> <br\/>c) Cookies de fonctionnalit\u00e9 (pr\u00e9f\u00e9rences) <br\/>Ces cookies conservent les pr\u00e9f\u00e9rences de l&rsquo;utilisateur afin d&rsquo;am\u00e9liorer la fonctionnalit\u00e9 de la page ktimaskreka.com. De cette mani\u00e8re, les choix de l&rsquo;utilisateur tels que le nom d&rsquo;utilisateur ou la langue et la mani\u00e8re sugg\u00e9r\u00e9e d&rsquo;afficher les r\u00e9sultats sont m\u00e9moris\u00e9s, de sorte que la page ktimaskreka.com offre des fonctionnalit\u00e9s am\u00e9lior\u00e9es, personnalis\u00e9es selon vos param\u00e8tres. <br\/> <br\/>d) Cookies publicitaires <br\/>Avec les cookies publicitaires, nous pouvons afficher et affichons des publicit\u00e9s personnalis\u00e9es en fonction de vos pr\u00e9f\u00e9rences et int\u00e9r\u00eats. De cette mani\u00e8re, nous pouvons envoyer des newsletters cibl\u00e9es et d&rsquo;autres messages et offres publicitaires dans le but de limiter les messages que vous recevez. Nous pouvons \u00e9galement mesurer l&rsquo;efficacit\u00e9 de nos actions publicitaires afin de pouvoir les am\u00e9liorer en permanence. <br\/> <br\/>e) Cookies de Google <br\/>Sur la page ktimaskreka.com, nous utilisons les services de Google pour enregistrer des statistiques de trafic ainsi que pour afficher des publicit\u00e9s cibl\u00e9es. Ces cookies sont r\u00e9gis par la politique de confidentialit\u00e9 de Google telle que d\u00e9crite <a href=\"https:\/\/policies.google.com\/privacy?hl=el\" target=\"_blank\" rel=\"noreferrer noopener\">ICI<\/a>. <\/p>\n\n<p>4. Contr\u00f4le des cookies <\/p>\n\n<p>Vous pouvez activer ou r\u00e9voquer votre consentement \u00e0 l&rsquo;utilisation de cookies, ainsi que contr\u00f4ler ou supprimer les cookies.<\/p>\n\n<p>Pour activer ou d\u00e9sactiver les cookies de votre navigateur, cliquez sur les liens ci-dessous, selon le programme que vous utilisez : <\/p>\n\n<ul>\n<li>pour Chrome cliquez <a href=\"https:\/\/support.google.com\/chrome\/answer\/95647\" target=\"_blank\" rel=\"noreferrer noopener\">ICI<\/a> <\/li>\n<\/ul>\n\n<ul>\n<li>pour Firefox cliquez <a href=\"https:\/\/support.mozilla.org\/el\/kb\/apaloifh-cookies-kai-dedomenwn-istoselidwn-firefox?redirectlocale=el&amp;redirectslug=diagrafh-cookies-gia-afairesh-plhroforiwn\" target=\"_blank\" rel=\"noreferrer noopener\">ICI<\/a> <\/li>\n\n\n\n<li>pour Internet Explorer cliquez <a href=\"https:\/\/support.microsoft.com\/el-gr\/help\/278835\/how-to-delete-cookie-files-in-internet-explorer\" target=\"_blank\" rel=\"noreferrer noopener\">ICI<\/a> <\/li>\n\n\n\n<li>pour Safari sur Mac cliquez <a href=\"https:\/\/support.apple.com\/el-gr\/guide\/safari\/sfri11471\/mac\" target=\"_blank\" rel=\"noreferrer noopener\">ICI<\/a> <\/li>\n\n\n\n<li>pour Safari pour iPhone, iPad ou iPod cliquez <a href=\"https:\/\/support.apple.com\/el-gr\/HT201265\" target=\"_blank\" rel=\"noreferrer noopener\">ICI<\/a> <\/li>\n<\/ul>\n\n<p>5. Plus d&rsquo;informations <\/p>\n\n<p>Plus d&rsquo;informations sur la politique de la page ktimaskreka.com, vos donn\u00e9es personnelles et vos droits peuvent \u00eatre trouv\u00e9es dans la politique de confidentialit\u00e9 de ktimaskreka.com en cliquant <a href=\"https:\/\/ktima.24lc.gr\/politiki-aporritou\/\" target=\"_blank\" rel=\"noreferrer noopener\">ICI<\/a>. Vous pouvez trouver plus d&rsquo;informations sur les cookies en cliquant <a href=\"http:\/\/www.dpa.gr\/portal\/page?_pageid=33,146950&amp;_dad=portal&amp;_schema=PORTAL\" target=\"_blank\" rel=\"noreferrer noopener\">ICI<\/a> et <a href=\"https:\/\/el.wikipedia.org\/wiki\/HTTP_cookies\" target=\"_blank\" rel=\"noreferrer noopener\">ICI<\/a>. <\/p>\n\n<p>6. Modifications de la politique relative aux cookies <\/p>\n\n<p>ktimaskreka.com se r\u00e9serve le droit de modifier cette politique de cookies. La modification la plus r\u00e9cente est toujours consid\u00e9r\u00e9e comme valide. <\/p>\n","protected":false},"excerpt":{"rendered":"<p>1. Que sont les cookies ? Les cookies sont de petits fichiers texte qui sont stock\u00e9s dans notre navigateur lors de la navigation sur Internet \u00e0 des fins de reconnaissance et d&rsquo;optimisation pour le fonctionnement le plus efficace de divers sites Web. Les cookies ne causent pas de dommages aux ordinateurs des utilisateurs ou aux&hellip; <a class=\"more-link\" href=\"https:\/\/ktimaskreka.com\/fr\/politique-de-cookies\/\">Poursuivre la lecture <span class=\"screen-reader-text\">Politique de cookies<\/span><\/a><\/p>\n","protected":false},"author":1,"featured_media":0,"parent":0,"menu_order":0,"comment_status":"closed","ping_status":"closed","template":"","meta":{"_acf_changed":false,"footnotes":""},"acf":[],"yoast_head":"<!-- This site is optimized with the Yoast SEO plugin v22.9 - https:\/\/yoast.com\/wordpress\/plugins\/seo\/ -->\n<title>Politique de cookies - ktima skreka<\/title>\n<meta name=\"robots\" content=\"index, follow, max-snippet:-1, max-image-preview:large, max-video-preview:-1\" \/>\n<link rel=\"canonical\" href=\"https:\/\/ktimaskreka.com\/fr\/politique-de-cookies\/\" \/>\n<meta property=\"og:locale\" content=\"fr_FR\" \/>\n<meta property=\"og:type\" content=\"article\" \/>\n<meta property=\"og:title\" content=\"Politique de cookies - ktima skreka\" \/>\n<meta property=\"og:description\" content=\"1. Que sont les cookies ? Les cookies sont de petits fichiers texte qui sont stock\u00e9s dans notre navigateur lors de la navigation sur Internet \u00e0 des fins de reconnaissance et d&rsquo;optimisation pour le fonctionnement le plus efficace de divers sites Web. Les cookies ne causent pas de dommages aux ordinateurs des utilisateurs ou aux&hellip; Poursuivre la lecture Politique de cookies\" \/>\n<meta property=\"og:url\" content=\"https:\/\/ktimaskreka.com\/fr\/politique-de-cookies\/\" \/>\n<meta property=\"og:site_name\" content=\"ktima skreka\" \/>\n<meta property=\"article:modified_time\" content=\"2022-12-21T14:04:42+00:00\" \/>\n<meta name=\"twitter:card\" content=\"summary_large_image\" \/>\n<meta name=\"twitter:label1\" content=\"Dur\u00e9e de lecture estim\u00e9e\" \/>\n\t<meta name=\"twitter:data1\" content=\"4 minutes\" \/>\n<script type=\"application\/ld+json\" class=\"yoast-schema-graph\">{\"@context\":\"https:\/\/schema.org\",\"@graph\":[{\"@type\":\"WebPage\",\"@id\":\"https:\/\/ktimaskreka.com\/fr\/politique-de-cookies\/\",\"url\":\"https:\/\/ktimaskreka.com\/fr\/politique-de-cookies\/\",\"name\":\"Politique de cookies - ktima skreka\",\"isPartOf\":{\"@id\":\"https:\/\/ktimaskreka.com\/#website\"},\"datePublished\":\"2022-12-21T10:24:46+00:00\",\"dateModified\":\"2022-12-21T14:04:42+00:00\",\"breadcrumb\":{\"@id\":\"https:\/\/ktimaskreka.com\/fr\/politique-de-cookies\/#breadcrumb\"},\"inLanguage\":\"fr-FR\",\"potentialAction\":[{\"@type\":\"ReadAction\",\"target\":[\"https:\/\/ktimaskreka.com\/fr\/politique-de-cookies\/\"]}]},{\"@type\":\"BreadcrumbList\",\"@id\":\"https:\/\/ktimaskreka.com\/fr\/politique-de-cookies\/#breadcrumb\",\"itemListElement\":[{\"@type\":\"ListItem\",\"position\":1,\"name\":\"Home\",\"item\":\"https:\/\/ktimaskreka.com\/fr\/\"},{\"@type\":\"ListItem\",\"position\":2,\"name\":\"Politique de cookies\"}]},{\"@type\":\"WebSite\",\"@id\":\"https:\/\/ktimaskreka.com\/#website\",\"url\":\"https:\/\/ktimaskreka.com\/\",\"name\":\"ktima skreka\",\"description\":\"\",\"publisher\":{\"@id\":\"https:\/\/ktimaskreka.com\/#organization\"},\"potentialAction\":[{\"@type\":\"SearchAction\",\"target\":{\"@type\":\"EntryPoint\",\"urlTemplate\":\"https:\/\/ktimaskreka.com\/?s={search_term_string}\"},\"query-input\":\"required name=search_term_string\"}],\"inLanguage\":\"fr-FR\"},{\"@type\":\"Organization\",\"@id\":\"https:\/\/ktimaskreka.com\/#organization\",\"name\":\"ktima skreka\",\"url\":\"https:\/\/ktimaskreka.com\/\",\"logo\":{\"@type\":\"ImageObject\",\"inLanguage\":\"fr-FR\",\"@id\":\"https:\/\/ktimaskreka.com\/#\/schema\/logo\/image\/\",\"url\":\"https:\/\/ktimaskreka.com\/wp-content\/uploads\/2022\/11\/Skrekas.png\",\"contentUrl\":\"https:\/\/ktimaskreka.com\/wp-content\/uploads\/2022\/11\/Skrekas.png\",\"width\":989,\"height\":397,\"caption\":\"ktima skreka\"},\"image\":{\"@id\":\"https:\/\/ktimaskreka.com\/#\/schema\/logo\/image\/\"}}]}<\/script>\n<!-- \/ Yoast SEO plugin. -->","yoast_head_json":{"title":"Politique de cookies - ktima skreka","robots":{"index":"index","follow":"follow","max-snippet":"max-snippet:-1","max-image-preview":"max-image-preview:large","max-video-preview":"max-video-preview:-1"},"canonical":"https:\/\/ktimaskreka.com\/fr\/politique-de-cookies\/","og_locale":"fr_FR","og_type":"article","og_title":"Politique de cookies - ktima skreka","og_description":"1. Que sont les cookies ? Les cookies sont de petits fichiers texte qui sont stock\u00e9s dans notre navigateur lors de la navigation sur Internet \u00e0 des fins de reconnaissance et d&rsquo;optimisation pour le fonctionnement le plus efficace de divers sites Web. Les cookies ne causent pas de dommages aux ordinateurs des utilisateurs ou aux&hellip; Poursuivre la lecture Politique de cookies","og_url":"https:\/\/ktimaskreka.com\/fr\/politique-de-cookies\/","og_site_name":"ktima skreka","article_modified_time":"2022-12-21T14:04:42+00:00","twitter_card":"summary_large_image","twitter_misc":{"Dur\u00e9e de lecture estim\u00e9e":"4 minutes"},"schema":{"@context":"https:\/\/schema.org","@graph":[{"@type":"WebPage","@id":"https:\/\/ktimaskreka.com\/fr\/politique-de-cookies\/","url":"https:\/\/ktimaskreka.com\/fr\/politique-de-cookies\/","name":"Politique de cookies - ktima skreka","isPartOf":{"@id":"https:\/\/ktimaskreka.com\/#website"},"datePublished":"2022-12-21T10:24:46+00:00","dateModified":"2022-12-21T14:04:42+00:00","breadcrumb":{"@id":"https:\/\/ktimaskreka.com\/fr\/politique-de-cookies\/#breadcrumb"},"inLanguage":"fr-FR","potentialAction":[{"@type":"ReadAction","target":["https:\/\/ktimaskreka.com\/fr\/politique-de-cookies\/"]}]},{"@type":"BreadcrumbList","@id":"https:\/\/ktimaskreka.com\/fr\/politique-de-cookies\/#breadcrumb","itemListElement":[{"@type":"ListItem","position":1,"name":"Home","item":"https:\/\/ktimaskreka.com\/fr\/"},{"@type":"ListItem","position":2,"name":"Politique de cookies"}]},{"@type":"WebSite","@id":"https:\/\/ktimaskreka.com\/#website","url":"https:\/\/ktimaskreka.com\/","name":"ktima skreka","description":"","publisher":{"@id":"https:\/\/ktimaskreka.com\/#organization"},"potentialAction":[{"@type":"SearchAction","target":{"@type":"EntryPoint","urlTemplate":"https:\/\/ktimaskreka.com\/?s={search_term_string}"},"query-input":"required name=search_term_string"}],"inLanguage":"fr-FR"},{"@type":"Organization","@id":"https:\/\/ktimaskreka.com\/#organization","name":"ktima skreka","url":"https:\/\/ktimaskreka.com\/","logo":{"@type":"ImageObject","inLanguage":"fr-FR","@id":"https:\/\/ktimaskreka.com\/#\/schema\/logo\/image\/","url":"https:\/\/ktimaskreka.com\/wp-content\/uploads\/2022\/11\/Skrekas.png","contentUrl":"https:\/\/ktimaskreka.com\/wp-content\/uploads\/2022\/11\/Skrekas.png","width":989,"height":397,"caption":"ktima skreka"},"image":{"@id":"https:\/\/ktimaskreka.com\/#\/schema\/logo\/image\/"}}]}},"_links":{"self":[{"href":"https:\/\/ktimaskreka.com\/fr\/wp-json\/wp\/v2\/pages\/846"}],"collection":[{"href":"https:\/\/ktimaskreka.com\/fr\/wp-json\/wp\/v2\/pages"}],"about":[{"href":"https:\/\/ktimaskreka.com\/fr\/wp-json\/wp\/v2\/types\/page"}],"author":[{"embeddable":true,"href":"https:\/\/ktimaskreka.com\/fr\/wp-json\/wp\/v2\/users\/1"}],"replies":[{"embeddable":true,"href":"https:\/\/ktimaskreka.com\/fr\/wp-json\/wp\/v2\/comments?post=846"}],"version-history":[{"count":1,"href":"https:\/\/ktimaskreka.com\/fr\/wp-json\/wp\/v2\/pages\/846\/revisions"}],"predecessor-version":[{"id":847,"href":"https:\/\/ktimaskreka.com\/fr\/wp-json\/wp\/v2\/pages\/846\/revisions\/847"}],"wp:attachment":[{"href":"https:\/\/ktimaskreka.com\/fr\/wp-json\/wp\/v2\/media?parent=846"}],"curies":[{"name":"wp","href":"https:\/\/api.w.org\/{rel}","templated":true}]}}