{"id":840,"date":"2022-12-21T10:57:06","date_gmt":"2022-12-21T10:57:06","guid":{"rendered":"https:\/\/ktima.24lc.gr\/conditions-dutilisation\/"},"modified":"2022-12-21T13:16:43","modified_gmt":"2022-12-21T13:16:43","slug":"conditions-dutilisation","status":"publish","type":"page","link":"https:\/\/ktimaskreka.com\/fr\/conditions-dutilisation\/","title":{"rendered":"Conditions d&rsquo;utilisation"},"content":{"rendered":"\n<p>1. G\u00e9n\u00e9ral <\/p>\n\n<p>Veuillez vous assurer que vous acceptez les termes et conditions ci-dessous, car toutes vos transactions avec nous seront r\u00e9gies par celles-ci. Toute utilisation des services de la page ktimaskreka.com signifie votre acceptation sans r\u00e9serve des termes des pr\u00e9sentes et votre respect de la l\u00e9gislation grecque applicable r\u00e9gissant lesdites transactions. <\/p>\n\n<p>2. Limitation de responsabilit\u00e9 <\/p>\n\n<p>La page ktimaskreka.com garantit aux utilisateurs des informations opportunes sur tout probl\u00e8me technique du site Web. La page ktimaskreka.com n&rsquo;assume aucune responsabilit\u00e9 pour les probl\u00e8mes techniques ou autres qui pourraient survenir aux clients lors de l&rsquo;acc\u00e8s \u00e0 son site Web ou lors de l&rsquo;utilisation des services\/produits qu&rsquo;elle propose. De plus, la page ktimaskreka.com n&rsquo;assume aucune responsabilit\u00e9 pour les actes ou omissions de tiers, tels que les interventions non autoris\u00e9es dans les produits ou services ou les informations disponibles sur son site Web. <\/p>\n\n<p> <br\/>La page ktimaskreka.com s&rsquo;engage \u00e0 mettre tout en \u0153uvre pour s&rsquo;assurer de l&rsquo;exhaustivit\u00e9 et de l&rsquo;exactitude des informations figurant sur son site, cependant elle n&rsquo;est pas responsable et n&rsquo;est pas tenue des \u00e9ventuelles erreurs dans les caract\u00e9ristiques, photos et prix des produits figurant sur son site.<\/p>\n\n<p>et ne peut garantir qu&rsquo;il n&rsquo;y aura aucune erreur quelle qu&rsquo;en soit la cause lors de la saisie ou de la mise \u00e0 jour des caract\u00e9ristiques du produit ou des prix\/remises. La page ktimaskreka.com n&rsquo;est pas responsable ou redevable d&rsquo;une indemnisation pour tout dommage ou pr\u00e9judice moral r\u00e9sultant des erreurs ci-dessus ou de l&rsquo;incapacit\u00e9 de fournir des services d&rsquo;assistance. ktimaskreka.com s&rsquo;efforce de fournir des services de haute qualit\u00e9 mais ne peut garantir qu&rsquo;il n&rsquo;y aura pas d&rsquo;interruptions ou d&rsquo;erreurs. <\/p>\n\n<p> ktimaskreka.com ne sera en aucun cas responsable des dommages ou co\u00fbts cons\u00e9cutifs, accessoires, indirects, sp\u00e9ciaux ou des sanctions p\u00e9cuniaires, y compris, mais sans s&rsquo;y limiter, la perte de b\u00e9n\u00e9fices, l&rsquo;interruption d&rsquo;activit\u00e9, la perte d&rsquo;informations ou de donn\u00e9es, ou la perte de clients, perte ou dommage \u00e0 la propri\u00e9t\u00e9, et toute r\u00e9clamation de tiers d\u00e9coulant de ou en relation avec l&rsquo;utilisation, la copie ou la pr\u00e9sentation de ce site Web ou de son contenu ou de tout autre site Web li\u00e9, que la page ktimaskreka.com ait \u00e9t\u00e9 mise \u00e0 jour ou non, savaient ou aurait d\u00fb conna\u00eetre cette possibilit\u00e9. <\/p>\n\n<p>3. Obligations du Client <\/p>\n\n<p>Les clients de ktimaskreka.com conviennent qu&rsquo;ils n&rsquo;utiliseront pas ktimaskreka.com pour publier, t\u00e9l\u00e9charger ou transmettre par tout moyen physique, num\u00e9rique ou autre contenu ill\u00e9gal, offensant, nuisible, mena\u00e7ant, calomnieux, diffamatoire, vulgaire, obsc\u00e8ne ou obsc\u00e8ne dans conform\u00e9ment aux bonnes m\u0153urs, ou est une violation de la vie priv\u00e9e d&rsquo;autrui, fait preuve d&#8217;empathie, ou exprime une discrimination raciale, ethnique ou autre, ou peut causer du tort aux mineurs de quelque mani\u00e8re que ce soit, ou n&rsquo;a pas le droit d&rsquo;\u00eatre diffus\u00e9 en vertu de la loi applicable ou de l&rsquo;\u00e9thique , ou est une information interne ou confidentielle. De plus, les clients de ktimaskreka.com s&rsquo;engagent \u00e0 ne pas utiliser d&rsquo;outils, de techniques, de codes ou d&rsquo;autres m\u00e9thodes (par exemple, chevaux de Troie, virus, logiciels malveillants, logiciels espions, ddos, vers, bots, ransomwares, expoits, loggers, crawlers, social enginnering, spam, etc.) contenant des virus logiciels ou des fichiers ou programmes, ou des techniques destin\u00e9es \u00e0 interrompre, endommager, d\u00e9truire, emp\u00eacher le fonctionnement ou donner acc\u00e8s \u00e0 des pages destin\u00e9es uniquement aux utilisateurs autoris\u00e9s ou \u00e0 des pages et syst\u00e8mes contenant des donn\u00e9es personnelles ou plus g\u00e9n\u00e9ralement dans des logiciels ou du mat\u00e9riel informatique, intentionnellement ou involontairement. Les clients acceptent que la page ktimaskreka.com n&rsquo;assume aucune responsabilit\u00e9 pour tout probl\u00e8me r\u00e9sultant de tiers agissant contrairement \u00e0 ce qui pr\u00e9c\u00e8de. <\/p>\n\n<p>4. Propri\u00e9t\u00e9 intellectuelle <\/p>\n\n<p>Le droit d&rsquo;auteur du site Web ktimaskreka.com appartient au m\u00eame. Il est interdit de reproduire, reproduire, en tout, en partie ou en r\u00e9sum\u00e9 ou paraphraser ou adapter son contenu de quelque mani\u00e8re \u00e9lectronique, m\u00e9canique, photographique ou photocopie, sans autorisation \u00e9crite pr\u00e9alable. Les noms, images, logos et signes distinctifs repr\u00e9sentant ktimaskreka.com ou des tiers et leurs produits ou services sont des marques exclusives et prot\u00e9g\u00e9es par les lois sur les marques applicables. Leur apparition sur le site ktimaskreka.com ne doit pas \u00eatre consid\u00e9r\u00e9e comme un transfert ou une cession d&rsquo;une licence ou d&rsquo;un droit d&rsquo;utilisation. <\/p>\n","protected":false},"excerpt":{"rendered":"<p>1. G\u00e9n\u00e9ral Veuillez vous assurer que vous acceptez les termes et conditions ci-dessous, car toutes vos transactions avec nous seront r\u00e9gies par celles-ci. Toute utilisation des services de la page ktimaskreka.com signifie votre acceptation sans r\u00e9serve des termes des pr\u00e9sentes et votre respect de la l\u00e9gislation grecque applicable r\u00e9gissant lesdites transactions. 2. Limitation de responsabilit\u00e9&hellip; <a class=\"more-link\" href=\"https:\/\/ktimaskreka.com\/fr\/conditions-dutilisation\/\">Poursuivre la lecture <span class=\"screen-reader-text\">Conditions d&rsquo;utilisation<\/span><\/a><\/p>\n","protected":false},"author":1,"featured_media":0,"parent":0,"menu_order":0,"comment_status":"closed","ping_status":"closed","template":"","meta":{"_acf_changed":false,"footnotes":""},"acf":[],"yoast_head":"<!-- This site is optimized with the Yoast SEO plugin v22.9 - https:\/\/yoast.com\/wordpress\/plugins\/seo\/ -->\n<title>Conditions d&#039;utilisation - ktima skreka<\/title>\n<meta name=\"robots\" content=\"index, follow, max-snippet:-1, max-image-preview:large, max-video-preview:-1\" \/>\n<link rel=\"canonical\" href=\"https:\/\/ktimaskreka.com\/fr\/conditions-dutilisation\/\" \/>\n<meta property=\"og:locale\" content=\"fr_FR\" \/>\n<meta property=\"og:type\" content=\"article\" \/>\n<meta property=\"og:title\" content=\"Conditions d&#039;utilisation - ktima skreka\" \/>\n<meta property=\"og:description\" content=\"1. G\u00e9n\u00e9ral Veuillez vous assurer que vous acceptez les termes et conditions ci-dessous, car toutes vos transactions avec nous seront r\u00e9gies par celles-ci. Toute utilisation des services de la page ktimaskreka.com signifie votre acceptation sans r\u00e9serve des termes des pr\u00e9sentes et votre respect de la l\u00e9gislation grecque applicable r\u00e9gissant lesdites transactions. 2. Limitation de responsabilit\u00e9&hellip; Poursuivre la lecture Conditions d&rsquo;utilisation\" \/>\n<meta property=\"og:url\" content=\"https:\/\/ktimaskreka.com\/fr\/conditions-dutilisation\/\" \/>\n<meta property=\"og:site_name\" content=\"ktima skreka\" \/>\n<meta property=\"article:modified_time\" content=\"2022-12-21T13:16:43+00:00\" \/>\n<meta name=\"twitter:card\" content=\"summary_large_image\" \/>\n<meta name=\"twitter:label1\" content=\"Dur\u00e9e de lecture estim\u00e9e\" \/>\n\t<meta name=\"twitter:data1\" content=\"4 minutes\" \/>\n<script type=\"application\/ld+json\" class=\"yoast-schema-graph\">{\"@context\":\"https:\/\/schema.org\",\"@graph\":[{\"@type\":\"WebPage\",\"@id\":\"https:\/\/ktimaskreka.com\/fr\/conditions-dutilisation\/\",\"url\":\"https:\/\/ktimaskreka.com\/fr\/conditions-dutilisation\/\",\"name\":\"Conditions d'utilisation - ktima skreka\",\"isPartOf\":{\"@id\":\"https:\/\/ktimaskreka.com\/#website\"},\"datePublished\":\"2022-12-21T10:57:06+00:00\",\"dateModified\":\"2022-12-21T13:16:43+00:00\",\"breadcrumb\":{\"@id\":\"https:\/\/ktimaskreka.com\/fr\/conditions-dutilisation\/#breadcrumb\"},\"inLanguage\":\"fr-FR\",\"potentialAction\":[{\"@type\":\"ReadAction\",\"target\":[\"https:\/\/ktimaskreka.com\/fr\/conditions-dutilisation\/\"]}]},{\"@type\":\"BreadcrumbList\",\"@id\":\"https:\/\/ktimaskreka.com\/fr\/conditions-dutilisation\/#breadcrumb\",\"itemListElement\":[{\"@type\":\"ListItem\",\"position\":1,\"name\":\"Home\",\"item\":\"https:\/\/ktimaskreka.com\/fr\/\"},{\"@type\":\"ListItem\",\"position\":2,\"name\":\"Conditions d&rsquo;utilisation\"}]},{\"@type\":\"WebSite\",\"@id\":\"https:\/\/ktimaskreka.com\/#website\",\"url\":\"https:\/\/ktimaskreka.com\/\",\"name\":\"ktima skreka\",\"description\":\"\",\"publisher\":{\"@id\":\"https:\/\/ktimaskreka.com\/#organization\"},\"potentialAction\":[{\"@type\":\"SearchAction\",\"target\":{\"@type\":\"EntryPoint\",\"urlTemplate\":\"https:\/\/ktimaskreka.com\/?s={search_term_string}\"},\"query-input\":\"required name=search_term_string\"}],\"inLanguage\":\"fr-FR\"},{\"@type\":\"Organization\",\"@id\":\"https:\/\/ktimaskreka.com\/#organization\",\"name\":\"ktima skreka\",\"url\":\"https:\/\/ktimaskreka.com\/\",\"logo\":{\"@type\":\"ImageObject\",\"inLanguage\":\"fr-FR\",\"@id\":\"https:\/\/ktimaskreka.com\/#\/schema\/logo\/image\/\",\"url\":\"https:\/\/ktimaskreka.com\/wp-content\/uploads\/2022\/11\/Skrekas.png\",\"contentUrl\":\"https:\/\/ktimaskreka.com\/wp-content\/uploads\/2022\/11\/Skrekas.png\",\"width\":989,\"height\":397,\"caption\":\"ktima skreka\"},\"image\":{\"@id\":\"https:\/\/ktimaskreka.com\/#\/schema\/logo\/image\/\"}}]}<\/script>\n<!-- \/ Yoast SEO plugin. -->","yoast_head_json":{"title":"Conditions d'utilisation - ktima skreka","robots":{"index":"index","follow":"follow","max-snippet":"max-snippet:-1","max-image-preview":"max-image-preview:large","max-video-preview":"max-video-preview:-1"},"canonical":"https:\/\/ktimaskreka.com\/fr\/conditions-dutilisation\/","og_locale":"fr_FR","og_type":"article","og_title":"Conditions d'utilisation - ktima skreka","og_description":"1. G\u00e9n\u00e9ral Veuillez vous assurer que vous acceptez les termes et conditions ci-dessous, car toutes vos transactions avec nous seront r\u00e9gies par celles-ci. Toute utilisation des services de la page ktimaskreka.com signifie votre acceptation sans r\u00e9serve des termes des pr\u00e9sentes et votre respect de la l\u00e9gislation grecque applicable r\u00e9gissant lesdites transactions. 2. Limitation de responsabilit\u00e9&hellip; Poursuivre la lecture Conditions d&rsquo;utilisation","og_url":"https:\/\/ktimaskreka.com\/fr\/conditions-dutilisation\/","og_site_name":"ktima skreka","article_modified_time":"2022-12-21T13:16:43+00:00","twitter_card":"summary_large_image","twitter_misc":{"Dur\u00e9e de lecture estim\u00e9e":"4 minutes"},"schema":{"@context":"https:\/\/schema.org","@graph":[{"@type":"WebPage","@id":"https:\/\/ktimaskreka.com\/fr\/conditions-dutilisation\/","url":"https:\/\/ktimaskreka.com\/fr\/conditions-dutilisation\/","name":"Conditions d'utilisation - ktima skreka","isPartOf":{"@id":"https:\/\/ktimaskreka.com\/#website"},"datePublished":"2022-12-21T10:57:06+00:00","dateModified":"2022-12-21T13:16:43+00:00","breadcrumb":{"@id":"https:\/\/ktimaskreka.com\/fr\/conditions-dutilisation\/#breadcrumb"},"inLanguage":"fr-FR","potentialAction":[{"@type":"ReadAction","target":["https:\/\/ktimaskreka.com\/fr\/conditions-dutilisation\/"]}]},{"@type":"BreadcrumbList","@id":"https:\/\/ktimaskreka.com\/fr\/conditions-dutilisation\/#breadcrumb","itemListElement":[{"@type":"ListItem","position":1,"name":"Home","item":"https:\/\/ktimaskreka.com\/fr\/"},{"@type":"ListItem","position":2,"name":"Conditions d&rsquo;utilisation"}]},{"@type":"WebSite","@id":"https:\/\/ktimaskreka.com\/#website","url":"https:\/\/ktimaskreka.com\/","name":"ktima skreka","description":"","publisher":{"@id":"https:\/\/ktimaskreka.com\/#organization"},"potentialAction":[{"@type":"SearchAction","target":{"@type":"EntryPoint","urlTemplate":"https:\/\/ktimaskreka.com\/?s={search_term_string}"},"query-input":"required name=search_term_string"}],"inLanguage":"fr-FR"},{"@type":"Organization","@id":"https:\/\/ktimaskreka.com\/#organization","name":"ktima skreka","url":"https:\/\/ktimaskreka.com\/","logo":{"@type":"ImageObject","inLanguage":"fr-FR","@id":"https:\/\/ktimaskreka.com\/#\/schema\/logo\/image\/","url":"https:\/\/ktimaskreka.com\/wp-content\/uploads\/2022\/11\/Skrekas.png","contentUrl":"https:\/\/ktimaskreka.com\/wp-content\/uploads\/2022\/11\/Skrekas.png","width":989,"height":397,"caption":"ktima skreka"},"image":{"@id":"https:\/\/ktimaskreka.com\/#\/schema\/logo\/image\/"}}]}},"_links":{"self":[{"href":"https:\/\/ktimaskreka.com\/fr\/wp-json\/wp\/v2\/pages\/840"}],"collection":[{"href":"https:\/\/ktimaskreka.com\/fr\/wp-json\/wp\/v2\/pages"}],"about":[{"href":"https:\/\/ktimaskreka.com\/fr\/wp-json\/wp\/v2\/types\/page"}],"author":[{"embeddable":true,"href":"https:\/\/ktimaskreka.com\/fr\/wp-json\/wp\/v2\/users\/1"}],"replies":[{"embeddable":true,"href":"https:\/\/ktimaskreka.com\/fr\/wp-json\/wp\/v2\/comments?post=840"}],"version-history":[{"count":1,"href":"https:\/\/ktimaskreka.com\/fr\/wp-json\/wp\/v2\/pages\/840\/revisions"}],"predecessor-version":[{"id":841,"href":"https:\/\/ktimaskreka.com\/fr\/wp-json\/wp\/v2\/pages\/840\/revisions\/841"}],"wp:attachment":[{"href":"https:\/\/ktimaskreka.com\/fr\/wp-json\/wp\/v2\/media?parent=840"}],"curies":[{"name":"wp","href":"https:\/\/api.w.org\/{rel}","templated":true}]}}