{"id":1248,"date":"2026-03-22T16:26:13","date_gmt":"2026-03-22T16:26:13","guid":{"rendered":"https:\/\/ktimaskreka.com\/opportunite-de-carriere\/"},"modified":"2026-03-22T22:04:03","modified_gmt":"2026-03-22T22:04:03","slug":"opportunite-de-carriere","status":"publish","type":"page","link":"https:\/\/ktimaskreka.com\/fr\/opportunite-de-carriere\/","title":{"rendered":"Opportunit\u00e9 de carri\u00e8re"},"content":{"rendered":"\n<p><br\/>Vous souhaitez rejoindre notre \u00e9quipe ?<br\/>Envoyez-nous votre CV ici et nous vous contacterons !<br\/><br\/><a href=\"mailto:ktimaskreka@gmail.com\">kti<\/a><a href=\"mailto:ktimaskreka@gmail.com?subject=%CE%91%CE%AF%CF%84%CE%B7%CF%83%CE%B7%20%CE%B3%CE%B9%CE%B1%20%CF%84%CE%B7%20%CE%98%CE%AD%CF%83%CE%B7%20%CE%95%CF%81%CE%B3%CE%B1%CF%83%CE%AF%CE%B1%CF%82:%20%5B%CE%A3%CF%85%CE%BC%CF%80%CE%BB%CE%B7%CF%81%CF%8E%CF%83%CF%84%CE%B5%20%CF%84%CE%B7%20%CE%B8%CE%AD%CF%83%CE%B7%5D\">maskreka@gmail.com<\/a><\/p>\n\n<p>N&rsquo;oubliez pas de mentionner le poste qui vous int\u00e9resse dans l&rsquo;objet de votre message !<\/p>\n","protected":false},"excerpt":{"rendered":"<p>Vous souhaitez rejoindre notre \u00e9quipe ?Envoyez-nous votre CV ici et nous vous contacterons ! ktimaskreka@gmail.com N&rsquo;oubliez pas de mentionner le poste qui vous int\u00e9resse dans l&rsquo;objet de votre message !<\/p>\n","protected":false},"author":2,"featured_media":0,"parent":0,"menu_order":0,"comment_status":"closed","ping_status":"closed","template":"","meta":{"_acf_changed":false,"footnotes":""},"acf":[],"yoast_head":"<!-- This site is optimized with the Yoast SEO plugin v22.9 - https:\/\/yoast.com\/wordpress\/plugins\/seo\/ -->\n<title>Opportunit\u00e9 de carri\u00e8re - ktima skreka<\/title>\n<meta name=\"robots\" content=\"index, follow, max-snippet:-1, max-image-preview:large, max-video-preview:-1\" \/>\n<link rel=\"canonical\" href=\"https:\/\/ktimaskreka.com\/fr\/opportunite-de-carriere\/\" \/>\n<meta property=\"og:locale\" content=\"fr_FR\" \/>\n<meta property=\"og:type\" content=\"article\" \/>\n<meta property=\"og:title\" content=\"Opportunit\u00e9 de carri\u00e8re - ktima skreka\" \/>\n<meta property=\"og:description\" content=\"Vous souhaitez rejoindre notre \u00e9quipe ?Envoyez-nous votre CV ici et nous vous contacterons ! ktimaskreka@gmail.com N&rsquo;oubliez pas de mentionner le poste qui vous int\u00e9resse dans l&rsquo;objet de votre message !\" \/>\n<meta property=\"og:url\" content=\"https:\/\/ktimaskreka.com\/fr\/opportunite-de-carriere\/\" \/>\n<meta property=\"og:site_name\" content=\"ktima skreka\" \/>\n<meta property=\"article:modified_time\" content=\"2026-03-22T22:04:03+00:00\" \/>\n<meta name=\"twitter:card\" content=\"summary_large_image\" \/>\n<script type=\"application\/ld+json\" class=\"yoast-schema-graph\">{\"@context\":\"https:\/\/schema.org\",\"@graph\":[{\"@type\":\"WebPage\",\"@id\":\"https:\/\/ktimaskreka.com\/fr\/opportunite-de-carriere\/\",\"url\":\"https:\/\/ktimaskreka.com\/fr\/opportunite-de-carriere\/\",\"name\":\"Opportunit\u00e9 de carri\u00e8re - ktima skreka\",\"isPartOf\":{\"@id\":\"https:\/\/ktimaskreka.com\/#website\"},\"datePublished\":\"2026-03-22T16:26:13+00:00\",\"dateModified\":\"2026-03-22T22:04:03+00:00\",\"breadcrumb\":{\"@id\":\"https:\/\/ktimaskreka.com\/fr\/opportunite-de-carriere\/#breadcrumb\"},\"inLanguage\":\"fr-FR\",\"potentialAction\":[{\"@type\":\"ReadAction\",\"target\":[\"https:\/\/ktimaskreka.com\/fr\/opportunite-de-carriere\/\"]}]},{\"@type\":\"BreadcrumbList\",\"@id\":\"https:\/\/ktimaskreka.com\/fr\/opportunite-de-carriere\/#breadcrumb\",\"itemListElement\":[{\"@type\":\"ListItem\",\"position\":1,\"name\":\"Home\",\"item\":\"https:\/\/ktimaskreka.com\/fr\/\"},{\"@type\":\"ListItem\",\"position\":2,\"name\":\"Opportunit\u00e9 de carri\u00e8re\"}]},{\"@type\":\"WebSite\",\"@id\":\"https:\/\/ktimaskreka.com\/#website\",\"url\":\"https:\/\/ktimaskreka.com\/\",\"name\":\"ktima skreka\",\"description\":\"\",\"publisher\":{\"@id\":\"https:\/\/ktimaskreka.com\/#organization\"},\"potentialAction\":[{\"@type\":\"SearchAction\",\"target\":{\"@type\":\"EntryPoint\",\"urlTemplate\":\"https:\/\/ktimaskreka.com\/?s={search_term_string}\"},\"query-input\":\"required name=search_term_string\"}],\"inLanguage\":\"fr-FR\"},{\"@type\":\"Organization\",\"@id\":\"https:\/\/ktimaskreka.com\/#organization\",\"name\":\"ktima skreka\",\"url\":\"https:\/\/ktimaskreka.com\/\",\"logo\":{\"@type\":\"ImageObject\",\"inLanguage\":\"fr-FR\",\"@id\":\"https:\/\/ktimaskreka.com\/#\/schema\/logo\/image\/\",\"url\":\"https:\/\/ktimaskreka.com\/wp-content\/uploads\/2022\/11\/Skrekas.png\",\"contentUrl\":\"https:\/\/ktimaskreka.com\/wp-content\/uploads\/2022\/11\/Skrekas.png\",\"width\":989,\"height\":397,\"caption\":\"ktima skreka\"},\"image\":{\"@id\":\"https:\/\/ktimaskreka.com\/#\/schema\/logo\/image\/\"}}]}<\/script>\n<!-- \/ Yoast SEO plugin. -->","yoast_head_json":{"title":"Opportunit\u00e9 de carri\u00e8re - ktima skreka","robots":{"index":"index","follow":"follow","max-snippet":"max-snippet:-1","max-image-preview":"max-image-preview:large","max-video-preview":"max-video-preview:-1"},"canonical":"https:\/\/ktimaskreka.com\/fr\/opportunite-de-carriere\/","og_locale":"fr_FR","og_type":"article","og_title":"Opportunit\u00e9 de carri\u00e8re - ktima skreka","og_description":"Vous souhaitez rejoindre notre \u00e9quipe ?Envoyez-nous votre CV ici et nous vous contacterons ! ktimaskreka@gmail.com N&rsquo;oubliez pas de mentionner le poste qui vous int\u00e9resse dans l&rsquo;objet de votre message !","og_url":"https:\/\/ktimaskreka.com\/fr\/opportunite-de-carriere\/","og_site_name":"ktima skreka","article_modified_time":"2026-03-22T22:04:03+00:00","twitter_card":"summary_large_image","schema":{"@context":"https:\/\/schema.org","@graph":[{"@type":"WebPage","@id":"https:\/\/ktimaskreka.com\/fr\/opportunite-de-carriere\/","url":"https:\/\/ktimaskreka.com\/fr\/opportunite-de-carriere\/","name":"Opportunit\u00e9 de carri\u00e8re - ktima skreka","isPartOf":{"@id":"https:\/\/ktimaskreka.com\/#website"},"datePublished":"2026-03-22T16:26:13+00:00","dateModified":"2026-03-22T22:04:03+00:00","breadcrumb":{"@id":"https:\/\/ktimaskreka.com\/fr\/opportunite-de-carriere\/#breadcrumb"},"inLanguage":"fr-FR","potentialAction":[{"@type":"ReadAction","target":["https:\/\/ktimaskreka.com\/fr\/opportunite-de-carriere\/"]}]},{"@type":"BreadcrumbList","@id":"https:\/\/ktimaskreka.com\/fr\/opportunite-de-carriere\/#breadcrumb","itemListElement":[{"@type":"ListItem","position":1,"name":"Home","item":"https:\/\/ktimaskreka.com\/fr\/"},{"@type":"ListItem","position":2,"name":"Opportunit\u00e9 de carri\u00e8re"}]},{"@type":"WebSite","@id":"https:\/\/ktimaskreka.com\/#website","url":"https:\/\/ktimaskreka.com\/","name":"ktima skreka","description":"","publisher":{"@id":"https:\/\/ktimaskreka.com\/#organization"},"potentialAction":[{"@type":"SearchAction","target":{"@type":"EntryPoint","urlTemplate":"https:\/\/ktimaskreka.com\/?s={search_term_string}"},"query-input":"required name=search_term_string"}],"inLanguage":"fr-FR"},{"@type":"Organization","@id":"https:\/\/ktimaskreka.com\/#organization","name":"ktima skreka","url":"https:\/\/ktimaskreka.com\/","logo":{"@type":"ImageObject","inLanguage":"fr-FR","@id":"https:\/\/ktimaskreka.com\/#\/schema\/logo\/image\/","url":"https:\/\/ktimaskreka.com\/wp-content\/uploads\/2022\/11\/Skrekas.png","contentUrl":"https:\/\/ktimaskreka.com\/wp-content\/uploads\/2022\/11\/Skrekas.png","width":989,"height":397,"caption":"ktima skreka"},"image":{"@id":"https:\/\/ktimaskreka.com\/#\/schema\/logo\/image\/"}}]}},"_links":{"self":[{"href":"https:\/\/ktimaskreka.com\/fr\/wp-json\/wp\/v2\/pages\/1248"}],"collection":[{"href":"https:\/\/ktimaskreka.com\/fr\/wp-json\/wp\/v2\/pages"}],"about":[{"href":"https:\/\/ktimaskreka.com\/fr\/wp-json\/wp\/v2\/types\/page"}],"author":[{"embeddable":true,"href":"https:\/\/ktimaskreka.com\/fr\/wp-json\/wp\/v2\/users\/2"}],"replies":[{"embeddable":true,"href":"https:\/\/ktimaskreka.com\/fr\/wp-json\/wp\/v2\/comments?post=1248"}],"version-history":[{"count":1,"href":"https:\/\/ktimaskreka.com\/fr\/wp-json\/wp\/v2\/pages\/1248\/revisions"}],"predecessor-version":[{"id":1249,"href":"https:\/\/ktimaskreka.com\/fr\/wp-json\/wp\/v2\/pages\/1248\/revisions\/1249"}],"wp:attachment":[{"href":"https:\/\/ktimaskreka.com\/fr\/wp-json\/wp\/v2\/media?parent=1248"}],"curies":[{"name":"wp","href":"https:\/\/api.w.org\/{rel}","templated":true}]}}